{"id":1168,"date":"2024-04-04T13:21:40","date_gmt":"2024-04-04T13:21:40","guid":{"rendered":"https:\/\/drspiric.com\/opsta-stomatologija\/"},"modified":"2024-06-11T21:26:40","modified_gmt":"2024-06-11T21:26:40","slug":"opsta-stomatologija","status":"publish","type":"page","link":"https:\/\/drspiric.com\/sr-latn\/opsta-stomatologija\/","title":{"rendered":"Op\u0161ta Stomatologija"},"content":{"rendered":"\n<div class=\"wp-block-greenshift-blocks-row alignfull gspb_row gspb_row-id-gsbp-90dd5fd gspb_row--gutter-custom-0\" id=\"gspb_row-id-gsbp-90dd5fd\"><div class=\"gspb_row__content\"> \n<div class=\"wp-block-greenshift-blocks-row-column gspb_row__col--4 gspb_row__col--md-12 gspb_col-id-gsbp-d560c25\" id=\"gspb_col-id-gsbp-d560c25\">\n\n\n<h2 id=\"gspb_heading-id-gsbp-2ffee04\" class=\"gspb_heading gspb_heading-id-gsbp-2ffee04 \">Op\u0161ta Stomatologija<\/h2>\n\n\n\n<p id=\"gspb_text-id-gsbp-a3dd530\" class=\"gspb_text gspb_text-id-gsbp-a3dd530 \">Op\u0161ta stomatologija se bavi naj\u010de\u0161\u0107im problemima vezanim za zdravlje zuba i usne duplje kod pacijenata svih uzrasta.<\/p>\n<\/div>\n\n\n\n<div class=\"wp-block-greenshift-blocks-row-column gspb_row__col--8 gspb_row__col--md-12 gspb_col-id-gsbp-2affbd5\" id=\"gspb_col-id-gsbp-2affbd5\">\n<div class=\"wp-block-greenshift-blocks-image gspb_image gspb_image-id-gsbp-960d7e1\" id=\"gspb_image-id-gsbp-960d7e1\"><img decoding=\"async\" src=\"https:\/\/drspiric.com\/wp-content\/uploads\/2024\/02\/services-page-cta-image-2.webp\" data-src=\"\" alt=\"Op\u0161ta stomatologija ilustracija Ordinacija Spiri\u0107\" loading=\"lazy\" width=\"100%\" height=\"400\"><\/div>\n<\/div>\n <\/div><\/div>\n\n<div class=\"wp-block-greenshift-blocks-row gspb_row gspb_row-id-gsbp-7497f9d\" id=\"gspb_row-id-gsbp-7497f9d\"><div class=\"gspb_row__content\"> \n<div class=\"wp-block-greenshift-blocks-row-column gspb_row__col--6 gspb_row__col--md-12 gspb_col-id-gsbp-bf613e6\" id=\"gspb_col-id-gsbp-bf613e6\">\n<h3 id=\"gspb_heading-id-gsbp-24fcecd\" class=\"gspb_heading gspb_heading-id-gsbp-24fcecd \">Kompozitne plombe<\/h3>\n\n\n\n<div id=\"gspb_text-id-gsbp-7841909\" class=\"gspb_text gspb_text-id-gsbp-7841909 \">Izra\u0111ene su od smole i staklenih ili kerami\u010dkih cestica. U op\u0161toj stomatologiji stomatolog priprema zub, uklanjaju\u0107i naj\u010de\u0161\u0107e karijes, i nanosi kompozitni materijal sloj po sloj, koriste\u0107i posebno svetlo za o\u010dvr\u0161\u0107avanje svakog sloja. Nakon oblikovanja i poliranja, plomba se stapa sa zubom i pruza estetski prihvatljivo i funkcionalno re\u0161enje.<\/div>\n\n\n\n<div class=\"gspb_button_wrapper gspb_button-id-gsbp-5ffb24f\" id=\"gspb_button-id-gsbp-5ffb24f\"><a class=\"wp-block-greenshift-blocks-buttonbox gspb-buttonbox wp-element-button\" href=\"tel:+381641309991\" rel=\"noopener\"><span class=\"gspb-buttonbox-textwrap\"><span class=\"gspb-buttonbox-text\"><span class=\"gspb-buttonbox-title\">\u043a\u043b\u0438\u043a\u043d\u0438 \u0434\u0430 \u043f\u043e\u0437\u043e\u0432\u0435\u0448<\/span><\/span><\/span><\/a><\/div>\n<\/div>\n\n\n\n<div class=\"wp-block-greenshift-blocks-row-column gspb_row__col--6 gspb_row__col--md-12 gspb_col-id-gsbp-cad72f7\" id=\"gspb_col-id-gsbp-cad72f7\">\n<div class=\"wp-block-greenshift-blocks-image gspb_image gspb_image-id-gsbp-ef7a209\" id=\"gspb_image-id-gsbp-ef7a209\"><img decoding=\"async\" src=\"https:\/\/drspiric.com\/wp-content\/uploads\/2024\/04\/Magic-Dent-zamena-kompozitne-plombe.webp\" data-src=\"\" alt=\"\" loading=\"lazy\" width=\"100%\" height=\"400\"><\/div>\n<\/div>\n <\/div><\/div>\n\n<div class=\"wp-block-greenshift-blocks-row alignfull gspb_row gspb_row-id-gsbp-fd983a9\" id=\"gspb_row-id-gsbp-fd983a9\"><div class=\"gspb_row__content\"> \n<div class=\"wp-block-greenshift-blocks-row-column gspb_row__col--6 gspb_row__col--md-12 gspb_col-id-gsbp-29a5e73\" id=\"gspb_col-id-gsbp-29a5e73\">\n<h3 id=\"gspb_heading-id-gsbp-773d514\" class=\"gspb_heading gspb_heading-id-gsbp-773d514 \">Le\u010denje kanala zuba<\/h3>\n\n\n\n<div id=\"gspb_text-id-gsbp-15816c4\" class=\"gspb_text gspb_text-id-gsbp-15816c4 \">Le\u010denje kanala zuba, poznato i kao endodontski tretmanm je stomatolo\u0161ki postupak koji se koristi za tretiranje infekcija unutar kanala zuba. Tokom ovog postupka, stomatolog otvara zub kako bi uklonio inficirano tkivo, uklju\u010duju\u0107i \u017eivac zuba, temeljno cisti kanal, oblikuje ga i puni materijalom koji spre\u010dava ponovnu infekciju.<br\/><br\/>Cilj le\u010denja kanala zuba je o\u010duvanje prirodnog zuba i spre\u010davanje \u0161irenja infekcije. Nakon tretmana, zub se obi\u010dno zatvara plombom ili krunom radi za\u0161tite od daljih o\u0161te\u0107enja.<\/div>\n\n\n\n<div class=\"gspb_button_wrapper gspb_button-id-gsbp-5ffb24f\" id=\"gspb_button-id-gsbp-5ffb24f\"><a class=\"wp-block-greenshift-blocks-buttonbox gspb-buttonbox wp-element-button\" href=\"tel:+381641309991\" rel=\"noopener\"><span class=\"gspb-buttonbox-textwrap\"><span class=\"gspb-buttonbox-text\"><span class=\"gspb-buttonbox-title\">\u043a\u043b\u0438\u043a\u043d\u0438 \u0434\u0430 \u043f\u043e\u0437\u043e\u0432\u0435\u0448<\/span><\/span><\/span><\/a><\/div>\n<\/div>\n\n\n\n<div class=\"wp-block-greenshift-blocks-row-column gspb_row__col--6 gspb_row__col--md-12 gspb_col-id-gsbp-35413b5\" id=\"gspb_col-id-gsbp-35413b5\">\n<div class=\"wp-block-greenshift-blocks-image gspb_image gspb_image-id-gsbp-ec60d7f\" id=\"gspb_image-id-gsbp-ec60d7f\"><img decoding=\"async\" src=\"https:\/\/drspiric.com\/wp-content\/uploads\/2024\/04\/lecenje-kanala-korena-zuba-dr-ast-1.webp\" data-src=\"\" alt=\"\" loading=\"lazy\" width=\"100%\" height=\"400\"><\/div>\n<\/div>\n <\/div><\/div>\n\n<div class=\"wp-block-greenshift-blocks-row gspb_row gspb_row-id-gsbp-454c428\" id=\"gspb_row-id-gsbp-454c428\"><div class=\"gspb_row__content\"> \n<div class=\"wp-block-greenshift-blocks-row-column gspb_row__col--6 gspb_row__col--md-12 gspb_col-id-gsbp-f2b7d65\" id=\"gspb_col-id-gsbp-f2b7d65\">\n<h3 id=\"gspb_heading-id-gsbp-137b1d2\" class=\"gspb_heading gspb_heading-id-gsbp-137b1d2 \">Poliranje zuba<\/h3>\n\n\n\n<div id=\"gspb_text-id-gsbp-a9684a5\" class=\"gspb_text gspb_text-id-gsbp-a9684a5 \">Poliranje zuba je stomatolo\u0161ki postupak koji se koristi za uklanjanje povr\u0161inskih naslaga plaka i kamenca sa zuba. To se obi\u010dno radi pomo\u0107u specijalnih instrumenata i pasti za poliranje.<br\/><br\/>Cilj poliranja je pobolj\u0161ati estetiku zuba, ukloniti mrlje i dati im sjaj. Ovaj postupak tako\u0111e poma\u017ee u spre\u010davanju nastanka bolesti desni i karijesa. Nakon poliranja, zubi izgledaju \u010distije i sjajnije.<\/div>\n\n\n\n<div class=\"gspb_button_wrapper gspb_button-id-gsbp-5ffb24f\" id=\"gspb_button-id-gsbp-5ffb24f\"><a class=\"wp-block-greenshift-blocks-buttonbox gspb-buttonbox wp-element-button\" href=\"tel:+381641309991\" rel=\"noopener\"><span class=\"gspb-buttonbox-textwrap\"><span class=\"gspb-buttonbox-text\"><span class=\"gspb-buttonbox-title\">\u043a\u043b\u0438\u043a\u043d\u0438 \u0434\u0430 \u043f\u043e\u0437\u043e\u0432\u0435\u0448<\/span><\/span><\/span><\/a><\/div>\n<\/div>\n\n\n\n<div class=\"wp-block-greenshift-blocks-row-column gspb_row__col--6 gspb_row__col--md-12 gspb_col-id-gsbp-e8fcab3\" id=\"gspb_col-id-gsbp-e8fcab3\">\n<div class=\"wp-block-greenshift-blocks-image gspb_image gspb_image-id-gsbp-8f77b9f\" id=\"gspb_image-id-gsbp-8f77b9f\"><img decoding=\"async\" src=\"https:\/\/drspiric.com\/wp-content\/uploads\/2024\/04\/depositphotos_651502738-stock-photo-teeth-polishing-procedure-professional-brush.webp\" data-src=\"\" alt=\"\" loading=\"lazy\" width=\"100%\" height=\"400\"><\/div>\n<\/div>\n <\/div><\/div>\n\n<div class=\"wp-block-greenshift-blocks-row alignfull gspb_row gspb_row-id-gsbp-a5448d1\" id=\"gspb_row-id-gsbp-a5448d1\"><div class=\"gspb_row__content\"> \n<div class=\"wp-block-greenshift-blocks-row-column gspb_row__col--6 gspb_row__col--md-12 gspb_col-id-gsbp-1f7eba1\" id=\"gspb_col-id-gsbp-1f7eba1\">\n<h3 id=\"gspb_heading-id-gsbp-a7a9d49\" class=\"gspb_heading gspb_heading-id-gsbp-a7a9d49 \">Peskiranje zuba<\/h3>\n\n\n\n<div id=\"gspb_text-id-gsbp-87cebc3\" class=\"gspb_text gspb_text-id-gsbp-87cebc3 \">Peskiranje zuba je stomatolo\u0161ki postupak koji se za uklanjanje povr\u0161inskih naslaga, mrlja i pigmentacija sa povr\u0161ine zuba. Tokom ovog postupka, stomatolog koristi specijalni ure\u0111aj koji rapr\u0161uje fini tok abrazivnih \u010destica, obi\u010dno natrijum bikarbonata ili kvarcni prah, na povr\u0161inu zuba.<br\/><br\/>Ove \u010destice se pritiskom uklanjaju sa zuba, ostavljaju\u0107i ih \u010distim i sjajnim. Peskiranje zuba je efikasan na\u010din za uklanjanje tvrdokornih naslaga i davanje zubima sve\u017eijeg izgleda.<br\/><br\/>Osim estetskih prednosti, peskiranje zuba tako\u0111e mo\u017ee pomo\u0107i u prevenciji bolesti desni i karijesa tako \u0161to uklanja bakterije i naslage sa povr\u0161ine zuba.<\/div>\n\n\n\n<div class=\"gspb_button_wrapper gspb_button-id-gsbp-5ffb24f\" id=\"gspb_button-id-gsbp-5ffb24f\"><a class=\"wp-block-greenshift-blocks-buttonbox gspb-buttonbox wp-element-button\" href=\"tel:+381641309991\" rel=\"noopener\"><span class=\"gspb-buttonbox-textwrap\"><span class=\"gspb-buttonbox-text\"><span class=\"gspb-buttonbox-title\">\u043a\u043b\u0438\u043a\u043d\u0438 \u0434\u0430 \u043f\u043e\u0437\u043e\u0432\u0435\u0448<\/span><\/span><\/span><\/a><\/div>\n<\/div>\n\n\n\n<div class=\"wp-block-greenshift-blocks-row-column gspb_row__col--6 gspb_row__col--md-12 gspb_col-id-gsbp-f821f58\" id=\"gspb_col-id-gsbp-f821f58\">\n<div class=\"wp-block-greenshift-blocks-image gspb_image gspb_image-id-gsbp-b477a4b\" id=\"gspb_image-id-gsbp-b477a4b\"><img decoding=\"async\" src=\"https:\/\/drspiric.com\/wp-content\/uploads\/2024\/04\/peskiranje-zuba.jpeg\" data-src=\"\" alt=\"\" loading=\"lazy\" width=\"100%\" height=\"400\"><\/div>\n<\/div>\n <\/div><\/div>\n\n<div class=\"wp-block-greenshift-blocks-row gspb_row gspb_row-id-gsbp-7e4a375\" id=\"gspb_row-id-gsbp-7e4a375\">\n<div class=\"wp-block-greenshift-blocks-row-column gspb_row__col--12 gspb_col-id-gsbp-cd43a87\" id=\"gspb_col-id-gsbp-cd43a87\">\n<p id=\"gspb_text-id-gsbp-35b2941\" class=\"gspb_text gspb_text-id-gsbp-35b2941 \">\u0423\u043a\u043e\u043b\u0438\u043a\u043e \u0458\u0435 \u0438 \u0412\u0430\u043c\u0430 \u043f\u043e\u0442\u0440\u0435\u0431\u0430\u043d \u043f\u0430\u0440\u0442\u043d\u0435\u0440 \u0437\u0430 \u0434\u0438\u0433\u0438\u0442\u0430\u043b\u043d\u0443 \u0442\u0440\u0430\u043d\u0441\u0444\u043e\u0440\u043c\u0430\u0446\u0438\u0458\u0443, \u0438\u043c\u0430\u043c\u043e \u043d\u0435\u0448\u0442\u043e \u0437\u0430 \u0432\u0430\u0441.<\/p>\n\n\n\n<div class=\"gspb_button_wrapper gspb_button-id-gsbp-9d9b66d\" id=\"gspb_button-id-gsbp-9d9b66d\"><a class=\"wp-block-greenshift-blocks-buttonbox gspb-buttonbox wp-element-button\" href=\"https:\/\/maypact.com\" target=\"_blank\" rel=\"noopener\"><span class=\"gspb-buttonbox-textwrap\"><span class=\"gspb-buttonbox-text\"><span class=\"gspb-buttonbox-title\">\u043f\u043e\u0441\u0435\u0442\u0438 \u043f\u0430\u0440\u0442\u043d\u0435\u0440\u0430<\/span><\/span><\/span><\/a><\/div>\n<\/div>\n<\/div>\n","protected":false},"excerpt":{"rendered":"","protected":false},"author":1,"featured_media":0,"parent":0,"menu_order":0,"comment_status":"closed","ping_status":"closed","template":"","meta":{"_gspb_post_css":"#gspb_row-id-gsbp-90dd5fd{justify-content:space-between;margin-top:0;margin-bottom:0;display:flex;flex-wrap:wrap;padding:50px 0}#gspb_row-id-gsbp-90dd5fd>.gspb_row__content{display:flex;justify-content:space-between;margin:0 auto;width:100%;flex-wrap:wrap;row-gap:40px}div[id^=gspb_col-id]{box-sizing:border-box;position:relative;padding:15px min(3vw,20px)}@media (max-width:991.98px){#gspb_row-id-gsbp-90dd5fd>.gspb_row__content{row-gap:30px}}body.gspb-bodyfront #gspb_row-id-gsbp-90dd5fd>.gspb_row__content{width:var(--theme-container-width, 1200px);max-width:var(--theme-normal-container-max-width, 1200px)}@media (max-width:991.98px){#gspb_row-id-gsbp-90dd5fd{margin-bottom:80px;padding-right:50px;padding-left:50px}}@media (max-width:575.98px){#gspb_row-id-gsbp-90dd5fd{margin-bottom:60px;padding-right:35px;padding-left:35px}}#gspb_row-id-gsbp-90dd5fd{background-color:#ffe7d96b}#gspb_col-id-gsbp-d560c25.gspb_row__col--4{width:calc(33.333333333333336% - 20px)}@media (max-width:991.98px){#gspb_col-id-gsbp-d560c25.gspb_row__col--4{width:100%}}@media (max-width:767.98px){#gspb_col-id-gsbp-d560c25.gspb_row__col--4{width:calc(100% - 20px)}}@media (max-width:575.98px){#gspb_col-id-gsbp-d560c25.gspb_row__col--4{width:100%}}@media (min-width:992px){body.gspb-bodyfront #gspb_col-id-gsbp-d560c25.gspb_row__col--4{width:calc(50% - 0px - 20px)}}.gspb_row #gspb_col-id-gsbp-d560c25.gspb_row__col--4{padding:70px 0}@media (max-width:991.98px){.gspb_row #gspb_col-id-gsbp-d560c25.gspb_row__col--4{padding-top:50px;padding-bottom:0}}@media (max-width:575.98px){.gspb_row #gspb_col-id-gsbp-d560c25.gspb_row__col--4{padding-bottom:0}}body #gspb_col-id-gsbp-d560c25.gspb_row__col--4{display:flex;flex-direction:column;justify-content:center}@media (max-width:991.98px){body #gspb_col-id-gsbp-d560c25.gspb_row__col--4{align-items:center}}#gspb_heading-id-gsbp-2ffee04{font-size:50px}@media (max-width:991.98px){#gspb_heading-id-gsbp-2ffee04{font-size:35px}}@media (max-width:575.98px){#gspb_heading-id-gsbp-2ffee04{font-size:30px}}@media (max-width:991.98px){#gspb_heading-id-gsbp-2ffee04,#gspb_heading-id-gsbp-2ffee04 .gsap-g-line{text-align:center!important}}#gspb_heading-id-gsbp-2ffee04{font-weight:800!important;margin-top:0;margin-bottom:10px}.gspb_text-id-gsbp-a3dd530{font-size:20px;margin-bottom:0!important}#gspb_col-id-gsbp-2affbd5.gspb_row__col--8{width:calc(66.66666666666667% - 20px)}@media (max-width:991.98px){#gspb_col-id-gsbp-2affbd5.gspb_row__col--8{width:100%}}@media (max-width:767.98px){#gspb_col-id-gsbp-2affbd5.gspb_row__col--8{width:calc(100% - 20px)}}@media (max-width:575.98px){#gspb_col-id-gsbp-2affbd5.gspb_row__col--8{width:100%}}@media (min-width:992px){body.gspb-bodyfront #gspb_col-id-gsbp-2affbd5.gspb_row__col--8{width:calc(50% - 0px - 20px)}}.gspb_row #gspb_col-id-gsbp-2affbd5.gspb_row__col--8{padding:0}body #gspb_col-id-gsbp-2affbd5.gspb_row__col--8{display:flex;flex-direction:column;justify-content:flex-end}#gspb_image-id-gsbp-960d7e1{text-align:center;height:400px}#gspb_image-id-gsbp-960d7e1 img{object-fit:cover;vertical-align:top;display:inline-block;box-sizing:border-box;max-width:100%;box-shadow:10px 10px 0 0 var(--wp--preset--color--palette-color-1, var(--theme-palette-color-1, #f9a52b));border-top-left-radius:5px;border-top-right-radius:5px;border-bottom-right-radius:5px;border-bottom-left-radius:5px;width:100%;height:400px}#gspb_row-id-gsbp-7497f9d{justify-content:space-between;display:flex;flex-wrap:wrap;margin-top:100px;margin-bottom:102px}#gspb_row-id-gsbp-7497f9d>.gspb_row__content{display:flex;justify-content:space-between;margin:0 auto;width:100%;flex-wrap:wrap}#gspb_col-id-gsbp-bf613e6.gspb_row__col--6{width:50%}@media (max-width:991.98px){#gspb_col-id-gsbp-bf613e6.gspb_row__col--6{width:100%}}@media (max-width:575.98px){#gspb_col-id-gsbp-bf613e6.gspb_row__col--6{width:100%}}body #gspb_col-id-gsbp-bf613e6.gspb_row__col--6{display:flex;flex-direction:column;flex-wrap:wrap;justify-content:center;align-content:stretch;align-items:stretch;row-gap:20px}#gspb_heading-id-gsbp-24fcecd{margin:0}#gspb_col-id-gsbp-cad72f7.gspb_row__col--6{width:50%}@media (max-width:991.98px){#gspb_col-id-gsbp-cad72f7.gspb_row__col--6{width:100%}}@media (max-width:575.98px){#gspb_col-id-gsbp-cad72f7.gspb_row__col--6{width:100%}}@media (max-width:991.98px){#gspb_col-id-gsbp-cad72f7.gspb_row__col--6{order:-1}}body #gspb_col-id-gsbp-cad72f7.gspb_row__col--6{display:flex;flex-direction:row;flex-wrap:wrap;justify-content:center;align-content:stretch;align-items:center}@media (max-width:991.98px){body #gspb_col-id-gsbp-cad72f7.gspb_row__col--6{flex-direction:column;flex-wrap:wrap;justify-content:flex-start;align-content:stretch;align-items:stretch}}#gspb_image-id-gsbp-ef7a209 img{object-fit:cover}@media (max-width:991.98px){#gspb_image-id-gsbp-ef7a209 img{object-fit:cover}}#gspb_image-id-gsbp-ef7a209 img{vertical-align:top;display:inline-block;box-sizing:border-box;max-width:100%;border-top-left-radius:5px;border-top-right-radius:5px;border-bottom-right-radius:5px;border-bottom-left-radius:5px;width:100%;height:400px}#gspb_image-id-gsbp-ef7a209{height:400px}@media (max-width:575.98px){#gspb_image-id-gsbp-ef7a209,#gspb_image-id-gsbp-ef7a209 img{height:300px}}#gspb_row-id-gsbp-fd983a9{justify-content:space-between;display:flex;flex-wrap:wrap;margin-top:100px;margin-bottom:100px;padding-top:50px;padding-bottom:50px;background-color:#ffe7d96b}#gspb_row-id-gsbp-fd983a9>.gspb_row__content{display:flex;justify-content:space-between;margin:0 auto;width:100%;flex-wrap:wrap}body.gspb-bodyfront #gspb_row-id-gsbp-7497f9d>.gspb_row__content,body.gspb-bodyfront #gspb_row-id-gsbp-fd983a9>.gspb_row__content{width:var(--theme-container-width, 1200px);max-width:var(--theme-normal-container-max-width, 1200px)}#gspb_col-id-gsbp-29a5e73.gspb_row__col--6{width:50%}@media (max-width:991.98px){#gspb_col-id-gsbp-29a5e73.gspb_row__col--6{width:100%}}@media (max-width:575.98px){#gspb_col-id-gsbp-29a5e73.gspb_row__col--6{width:100%}}body #gspb_col-id-gsbp-29a5e73.gspb_row__col--6{row-gap:20px}#gspb_heading-id-gsbp-773d514{margin:0}.gspb_text-id-gsbp-15816c4,.gspb_text-id-gsbp-7841909{margin-bottom:0!important}#gspb_col-id-gsbp-35413b5.gspb_row__col--6{width:50%}@media (max-width:991.98px){#gspb_col-id-gsbp-35413b5.gspb_row__col--6{width:100%}}@media (max-width:575.98px){#gspb_col-id-gsbp-35413b5.gspb_row__col--6{width:100%}}@media (max-width:991.98px){#gspb_col-id-gsbp-35413b5.gspb_row__col--6{order:-1}}body #gspb_col-id-gsbp-29a5e73.gspb_row__col--6,body #gspb_col-id-gsbp-35413b5.gspb_row__col--6{display:flex;flex-direction:column;flex-wrap:wrap;justify-content:center;align-content:stretch;align-items:stretch}@media (max-width:991.98px){body #gspb_col-id-gsbp-35413b5.gspb_row__col--6{flex-direction:column;justify-content:flex-start;align-content:stretch}}#gspb_image-id-gsbp-ec60d7f img{object-fit:cover;object-position:49% 16%;vertical-align:top;display:inline-block;box-sizing:border-box;max-width:100%;border-top-left-radius:5px;border-top-right-radius:5px;border-bottom-right-radius:5px;border-bottom-left-radius:5px;width:100%;height:400px}#gspb_image-id-gsbp-ec60d7f{height:400px}@media (max-width:575.98px){#gspb_image-id-gsbp-ec60d7f,#gspb_image-id-gsbp-ec60d7f img{height:300px}}#gspb_row-id-gsbp-454c428{justify-content:space-between;display:flex;flex-wrap:wrap;margin-top:100px;margin-bottom:100px}#gspb_row-id-gsbp-454c428>.gspb_row__content{display:flex;justify-content:space-between;margin:0 auto;width:100%;flex-wrap:wrap}#gspb_col-id-gsbp-f2b7d65.gspb_row__col--6{width:50%}@media (max-width:991.98px){#gspb_col-id-gsbp-f2b7d65.gspb_row__col--6{width:100%}}@media (max-width:575.98px){#gspb_col-id-gsbp-f2b7d65.gspb_row__col--6{width:100%}}body #gspb_col-id-gsbp-f2b7d65.gspb_row__col--6{display:flex;flex-direction:column;flex-wrap:wrap;justify-content:center;align-content:stretch;align-items:stretch;row-gap:20px}#gspb_heading-id-gsbp-137b1d2{margin:0}#gspb_col-id-gsbp-e8fcab3.gspb_row__col--6{width:50%}@media (max-width:991.98px){#gspb_col-id-gsbp-e8fcab3.gspb_row__col--6{width:100%}}@media (max-width:575.98px){#gspb_col-id-gsbp-e8fcab3.gspb_row__col--6{width:100%}}@media (max-width:991.98px){#gspb_col-id-gsbp-e8fcab3.gspb_row__col--6{order:-1}}body #gspb_col-id-gsbp-e8fcab3.gspb_row__col--6{display:flex;flex-direction:row;flex-wrap:wrap;justify-content:center;align-content:center;align-items:stretch}@media (max-width:991.98px){body #gspb_col-id-gsbp-e8fcab3.gspb_row__col--6{flex-direction:column;justify-content:flex-start;align-content:stretch}}#gspb_image-id-gsbp-8f77b9f img{object-fit:cover;vertical-align:top;display:inline-block;box-sizing:border-box;max-width:100%;border-top-left-radius:5px;border-top-right-radius:5px;border-bottom-right-radius:5px;border-bottom-left-radius:5px;width:100%;height:400px}#gspb_image-id-gsbp-8f77b9f{height:400px}@media (max-width:575.98px){#gspb_image-id-gsbp-8f77b9f,#gspb_image-id-gsbp-8f77b9f img{height:300px}}#gspb_row-id-gsbp-a5448d1{justify-content:space-between;display:flex;flex-wrap:wrap;margin-top:100px;margin-bottom:100px;padding-top:50px;padding-bottom:50px;background-color:#ffe7d96b}#gspb_row-id-gsbp-a5448d1>.gspb_row__content{display:flex;justify-content:space-between;margin:0 auto;width:100%;flex-wrap:wrap}body.gspb-bodyfront #gspb_row-id-gsbp-454c428>.gspb_row__content,body.gspb-bodyfront #gspb_row-id-gsbp-a5448d1>.gspb_row__content{width:var(--theme-container-width, 1200px);max-width:var(--theme-normal-container-max-width, 1200px)}#gspb_col-id-gsbp-1f7eba1.gspb_row__col--6{width:50%}@media (max-width:991.98px){#gspb_col-id-gsbp-1f7eba1.gspb_row__col--6{width:100%}}@media (max-width:575.98px){#gspb_col-id-gsbp-1f7eba1.gspb_row__col--6{width:100%}}body #gspb_col-id-gsbp-1f7eba1.gspb_row__col--6{display:flex;flex-direction:column;flex-wrap:wrap;justify-content:center;align-content:stretch;align-items:stretch;row-gap:20px}#gspb_heading-id-gsbp-a7a9d49{margin:0}.gspb_text-id-gsbp-87cebc3,.gspb_text-id-gsbp-a9684a5{margin-bottom:0!important}#gspb_col-id-gsbp-f821f58.gspb_row__col--6{width:50%}@media (max-width:991.98px){#gspb_col-id-gsbp-f821f58.gspb_row__col--6{width:100%}}@media (max-width:575.98px){#gspb_col-id-gsbp-f821f58.gspb_row__col--6{width:100%}}@media (max-width:991.98px){#gspb_col-id-gsbp-f821f58.gspb_row__col--6{order:-1}}body #gspb_col-id-gsbp-f821f58.gspb_row__col--6{display:flex;flex-wrap:wrap;justify-content:center;align-content:center;align-items:center}@media (max-width:991.98px){body #gspb_col-id-gsbp-f821f58.gspb_row__col--6{flex-direction:column;justify-content:flex-start;align-content:stretch;align-items:stretch}}#gspb_image-id-gsbp-b477a4b img{object-fit:cover}@media (max-width:991.98px){#gspb_image-id-gsbp-b477a4b img{object-position:88% 47%}}#gspb_image-id-gsbp-b477a4b img{vertical-align:top;display:inline-block;box-sizing:border-box;max-width:100%;border-top-left-radius:5px;border-top-right-radius:5px;border-bottom-right-radius:5px;border-bottom-left-radius:5px;width:100%;height:400px}#gspb_image-id-gsbp-b477a4b{height:400px}@media (max-width:575.98px){#gspb_image-id-gsbp-b477a4b,#gspb_image-id-gsbp-b477a4b img{height:300px}}#gspb_button-id-gsbp-5ffb24f{display:flex;justify-content:flex-start}#gspb_button-id-gsbp-5ffb24f .gspb-buttonbox-text{display:flex;flex-direction:column}#gspb_button-id-gsbp-5ffb24f>.gspb-buttonbox{box-sizing:border-box;margin-bottom:0;min-width:33%}@media (max-width:991.98px){#gspb_button-id-gsbp-5ffb24f{justify-content:center}}#gspb_button-id-gsbp-5ffb24f>.gspb-buttonbox:hover{background-color:var(--wp--preset--color--palette-color-9, var(--theme-palette-color-9, #FFE8DA))!important;color:var(--wp--preset--color--palette-color-2, var(--theme-palette-color-2, #f78f29))}@media (max-width:575.98px){#gspb_button-id-gsbp-5ffb24f>.gspb-buttonbox{min-width:100%}}#gspb_button-id-gsbp-5ffb24f>.gspb-buttonbox,#gspb_button-id-gsbp-5ffb24f>.gspb-buttonbox>.gspb_backgroundOverlay{border-top-left-radius:5px;border-top-right-radius:5px;border-bottom-right-radius:5px;border-bottom-left-radius:5px}#gspb_row-id-gsbp-7e4a375{justify-content:space-between;margin-top:0;margin-bottom:0;display:flex;flex-wrap:wrap}#gspb_row-id-gsbp-7e4a375>.gspb_row__content{display:flex;justify-content:space-between;margin:0 auto;width:100%;flex-wrap:wrap}.gspb_row{position:relative}#gspb_col-id-gsbp-cd43a87.gspb_row__col--12{width:100%}@media (max-width:575.98px){#gspb_col-id-gsbp-cd43a87.gspb_row__col--12{width:100%}}@media (min-width:992px){body.gspb-bodyfront #gspb_col-id-gsbp-cd43a87.gspb_row__col--12{width:calc(100% - 0px - 0px)}}#gspb_col-id-gsbp-cd43a87.gspb_row__col--12{background-color:#5152fb21}body #gspb_col-id-gsbp-cd43a87.gspb_row__col--12{display:flex;flex-direction:row;flex-wrap:wrap;justify-content:center;align-items:center;row-gap:20px;column-gap:20px}@media (max-width:991.98px){body #gspb_col-id-gsbp-cd43a87.gspb_row__col--12{flex-wrap:nowrap}}@media (max-width:575.98px){body #gspb_col-id-gsbp-cd43a87.gspb_row__col--12{flex-direction:column;flex-wrap:wrap;justify-content:flex-start;align-content:stretch;align-items:stretch}}.gspb_text-id-gsbp-35b2941{margin-bottom:0!important}@media (max-width:991.98px){.gspb_text-id-gsbp-35b2941{margin-bottom:0!important;max-width:450px}}#gspb_button-id-gsbp-9d9b66d{display:flex;justify-content:flex-start}#gspb_button-id-gsbp-9d9b66d .gspb-buttonbox-text{display:flex;flex-direction:column}#gspb_button-id-gsbp-9d9b66d>.gspb-buttonbox{box-sizing:border-box;background-color:#5152fb}#gspb_button-id-gsbp-9d9b66d>.gspb-buttonbox:hover{background-color:#4040c7!important}@media (max-width:575.98px){#gspb_button-id-gsbp-9d9b66d>.gspb-buttonbox{min-width:100%}}#gspb_button-id-gsbp-9d9b66d>.gspb-buttonbox,#gspb_button-id-gsbp-9d9b66d>.gspb-buttonbox>.gspb_backgroundOverlay{border-top-left-radius:5px;border-top-right-radius:5px;border-bottom-right-radius:5px;border-bottom-left-radius:5px}","iawp_total_views":13,"footnotes":""},"blocksy_meta":{"has_hero_section":"disabled","styles_descriptor":{"styles":{"desktop":"","tablet":"","mobile":""},"google_fonts":[],"version":6},"vertical_spacing_source":"custom","content_area_spacing":"none"},"_links":{"self":[{"href":"https:\/\/drspiric.com\/sr-latn\/wp-json\/wp\/v2\/pages\/1168"}],"collection":[{"href":"https:\/\/drspiric.com\/sr-latn\/wp-json\/wp\/v2\/pages"}],"about":[{"href":"https:\/\/drspiric.com\/sr-latn\/wp-json\/wp\/v2\/types\/page"}],"author":[{"embeddable":true,"href":"https:\/\/drspiric.com\/sr-latn\/wp-json\/wp\/v2\/users\/1"}],"replies":[{"embeddable":true,"href":"https:\/\/drspiric.com\/sr-latn\/wp-json\/wp\/v2\/comments?post=1168"}],"version-history":[{"count":3,"href":"https:\/\/drspiric.com\/sr-latn\/wp-json\/wp\/v2\/pages\/1168\/revisions"}],"predecessor-version":[{"id":1171,"href":"https:\/\/drspiric.com\/sr-latn\/wp-json\/wp\/v2\/pages\/1168\/revisions\/1171"}],"wp:attachment":[{"href":"https:\/\/drspiric.com\/sr-latn\/wp-json\/wp\/v2\/media?parent=1168"}],"curies":[{"name":"wp","href":"https:\/\/api.w.org\/{rel}","templated":true}]}}