{"id":1172,"date":"2024-04-04T13:21:55","date_gmt":"2024-04-04T13:21:55","guid":{"rendered":"https:\/\/drspiric.com\/decija-stomatologija\/"},"modified":"2024-06-12T13:26:30","modified_gmt":"2024-06-12T13:26:30","slug":"decija-stomatologija","status":"publish","type":"page","link":"https:\/\/drspiric.com\/sr-latn\/decija-stomatologija\/","title":{"rendered":"De\u010dija Stomatologija"},"content":{"rendered":"\n<div class=\"wp-block-greenshift-blocks-row alignfull gspb_row gspb_row-id-gsbp-90dd5fd gspb_row--gutter-custom-0\" id=\"gspb_row-id-gsbp-90dd5fd\"><div class=\"gspb_row__content\"> \n<div class=\"wp-block-greenshift-blocks-row-column gspb_row__col--4 gspb_row__col--md-12 gspb_col-id-gsbp-d560c25\" id=\"gspb_col-id-gsbp-d560c25\">\n\n\n<h2 id=\"gspb_heading-id-gsbp-2ffee04\" class=\"gspb_heading gspb_heading-id-gsbp-2ffee04 \">De\u010dija Stomatologija<\/h2>\n\n\n\n<p id=\"gspb_text-id-gsbp-3126488\" class=\"gspb_text gspb_text-id-gsbp-3126488 \">De\u010dija stomatologija je ekstremno va\u017ena jer je o\u010duvanje zdravlja mle\u010dnih zuba jako bitno za kasnije dobro zdravlje stalnih zuba.<\/p>\n<\/div>\n\n\n\n<div class=\"wp-block-greenshift-blocks-row-column gspb_row__col--8 gspb_row__col--md-12 gspb_col-id-gsbp-2affbd5\" id=\"gspb_col-id-gsbp-2affbd5\">\n<div class=\"wp-block-greenshift-blocks-image gspb_image gspb_image-id-gsbp-960d7e1\" id=\"gspb_image-id-gsbp-960d7e1\"><img decoding=\"async\" src=\"https:\/\/drspiric.com\/wp-content\/uploads\/2024\/02\/about-us-page-hero-image.webp\" data-src=\"\" alt=\"De\u010dija stomatologija ilustracija na sajtu Ordinacija Spiri\u0107\" loading=\"lazy\" width=\"100%\" height=\"400\"><\/div>\n<\/div>\n <\/div><\/div>\n\n<div class=\"wp-block-greenshift-blocks-row gspb_row gspb_row-id-gsbp-8a7846f\" id=\"gspb_row-id-gsbp-8a7846f\"><div class=\"gspb_row__content\"> \n<div class=\"wp-block-greenshift-blocks-row-column gspb_row__col--6 gspb_row__col--md-12 gspb_col-id-gsbp-ea342e4\" id=\"gspb_col-id-gsbp-ea342e4\">\n<h3 id=\"gspb_heading-id-gsbp-445fbb0\" class=\"gspb_heading gspb_heading-id-gsbp-445fbb0 \">Zalivanje fisura<\/h3>\n\n\n\n<div id=\"gspb_text-id-gsbp-5458dbc\" class=\"gspb_text gspb_text-id-gsbp-5458dbc \">Ova stomatolo\u0161ka procedura u de\u010dijoj stomatologiji podrazumeva nano\u0161enje tankog sloja dentalnog materijalan na fisurne povr\u0161ine stalnih zuba radi za\u0161tite od karijesa.<\/div>\n\n\n\n<div class=\"gspb_button_wrapper gspb_button-id-gsbp-5ffb24f\" id=\"gspb_button-id-gsbp-5ffb24f\"><a class=\"wp-block-greenshift-blocks-buttonbox gspb-buttonbox wp-element-button\" href=\"tel:+381641309991\" rel=\"noopener\"><span class=\"gspb-buttonbox-textwrap\"><span class=\"gspb-buttonbox-text\"><span class=\"gspb-buttonbox-title\">\u043a\u043b\u0438\u043a\u043d\u0438 \u0434\u0430 \u043f\u043e\u0437\u043e\u0432\u0435\u0448<\/span><\/span><\/span><\/a><\/div>\n<\/div>\n\n\n\n<div class=\"wp-block-greenshift-blocks-row-column gspb_row__col--6 gspb_row__col--md-12 gspb_col-id-gsbp-f87bc77\" id=\"gspb_col-id-gsbp-f87bc77\">\n<div class=\"wp-block-greenshift-blocks-image gspb_image gspb_image-id-gsbp-7ec564e\" id=\"gspb_image-id-gsbp-7ec564e\"><img decoding=\"async\" src=\"https:\/\/drspiric.com\/wp-content\/uploads\/2024\/04\/iStock-1069077526-1024x653-1.webp\" data-src=\"\" alt=\"\" loading=\"lazy\" width=\"1024\" height=\"400\"><\/div>\n<\/div>\n <\/div><\/div>\n\n<div class=\"wp-block-greenshift-blocks-row gspb_row gspb_row-id-gsbp-06b642d\" id=\"gspb_row-id-gsbp-06b642d\"><div class=\"gspb_row__content\">  <\/div><\/div>\n\n<div class=\"wp-block-greenshift-blocks-row alignfull gspb_row gspb_row-id-gsbp-b261a1a\" id=\"gspb_row-id-gsbp-b261a1a\"><div class=\"gspb_row__content\"> \n<div class=\"wp-block-greenshift-blocks-row-column gspb_row__col--6 gspb_row__col--md-12 gspb_col-id-gsbp-de24212\" id=\"gspb_col-id-gsbp-de24212\">\n<h3 id=\"gspb_heading-id-gsbp-064e000\" class=\"gspb_heading gspb_heading-id-gsbp-064e000 \">Ekstrakcija mle\u010dnog zuba<\/h3>\n\n\n\n<div id=\"gspb_text-id-gsbp-0773bcd\" class=\"gspb_text gspb_text-id-gsbp-0773bcd \">Ova procedura u de\u010dijoj stomatologiji uklju\u010duje uklanjanje mle\u010dnog zuba iz vilice, obi\u010dno zbog razli\u010ditih razloga, uklju\u010duju\u0107i zubni karijes, infekcije ili ortodontske potrebe.<\/div>\n\n\n\n<div class=\"gspb_button_wrapper gspb_button-id-gsbp-5ffb24f\" id=\"gspb_button-id-gsbp-5ffb24f\"><a class=\"wp-block-greenshift-blocks-buttonbox gspb-buttonbox wp-element-button\" href=\"tel:+381641309991\" rel=\"noopener\"><span class=\"gspb-buttonbox-textwrap\"><span class=\"gspb-buttonbox-text\"><span class=\"gspb-buttonbox-title\">\u043a\u043b\u0438\u043a\u043d\u0438 \u0434\u0430 \u043f\u043e\u0437\u043e\u0432\u0435\u0448<\/span><\/span><\/span><\/a><\/div>\n<\/div>\n\n\n\n<div class=\"wp-block-greenshift-blocks-row-column gspb_row__col--6 gspb_row__col--md-12 gspb_col-id-gsbp-9b8364a\" id=\"gspb_col-id-gsbp-9b8364a\">\n<div class=\"wp-block-greenshift-blocks-image gspb_image gspb_image-id-gsbp-a0771d7\" id=\"gspb_image-id-gsbp-a0771d7\"><img decoding=\"async\" src=\"https:\/\/drspiric.com\/wp-content\/uploads\/2024\/04\/ext.webp\" data-src=\"\" alt=\"\" loading=\"lazy\" width=\"1280\" height=\"400\"><\/div>\n<\/div>\n <\/div><\/div>\n\n<div class=\"wp-block-greenshift-blocks-row gspb_row gspb_row-id-gsbp-d4c3fc4\" id=\"gspb_row-id-gsbp-d4c3fc4\"><div class=\"gspb_row__content\"> \n<div class=\"wp-block-greenshift-blocks-row-column gspb_row__col--6 gspb_row__col--md-12 gspb_col-id-gsbp-0112ea0\" id=\"gspb_col-id-gsbp-0112ea0\">\n<h3 id=\"gspb_heading-id-gsbp-16c8e3f\" class=\"gspb_heading gspb_heading-id-gsbp-16c8e3f \"> Povrede kod dece<\/h3>\n\n\n\n<div id=\"gspb_text-id-gsbp-38a3d7a\" class=\"gspb_text gspb_text-id-gsbp-38a3d7a \">\u201ePovrede zuba kod dece\u201d obuhvataju \u0161irok spektar trauma koje mogu uticati na de\u010dije zube. \u041e\u0432\u0435 \u043f\u043e\u0432\u0440\u0435\u0434\u0435 \u043c\u043e\u0433\u0443 \u0443\u043a\u0459\u0443\u0447\u0438\u0432\u0430\u0442\u0438 \u0438\u0437\u0431\u0438\u0458\u0435\u043d\u0435 \u0438\u043b\u0438 \u043f\u043e\u043b\u043e\u043c\u0459\u0435\u043d\u0435 \u0437\u0443\u0431\u0435, \u043e\u0448\u0442\u0435\u045b\u0435\u045a\u0435 \u0437\u0443\u0431\u043d\u0435 \u043f\u0443\u043b\u043f\u0435 \u0438\u043b\u0438 \u0434\u0435\u0441\u043d\u0438, \u043a\u0430\u043e \u0438 \u0434\u0438\u0441\u043b\u043e\u043a\u0430\u0446\u0438\u0458\u0443 \u0438\u043b\u0438 \u043f\u043e\u0442\u043f\u0443\u043d\u043e \u0438\u0437\u0431\u0438\u0458\u0430\u045a\u0435 \u0437\u0443\u0431\u0430.<br\/><br\/>\u010cesto se de\u0161avaju usred padova, udaraca ili u\u010destovanja u sportskim aktivnostima. Va\u017eno je da se takve povrede tretiraju od strane stomatologa kako bi se sa\u010duvalo oralno zdravlje i spre\u010dile mogu\u0107e komplikacije u budu\u0107nosti.<br\/><br\/>Hitna medicinska pomo\u0107 mo\u017ee biti potrebna u slu\u010daju ozbiljnijih povreda kako bi se brzo reagovalo i obezbedilo adekvatno le\u010denje. Redovne posete stomatologju mogu pomo\u0107i u spre\u010davanju ovakvih povreda kroz edukaciju o prevenciji i pravilnom pona\u0161anju tokom aktivnosti koje nose rizik od povrede zuba kod dece.<\/div>\n\n\n\n<div class=\"gspb_button_wrapper gspb_button-id-gsbp-5ffb24f\" id=\"gspb_button-id-gsbp-5ffb24f\"><a class=\"wp-block-greenshift-blocks-buttonbox gspb-buttonbox wp-element-button\" href=\"tel:+381641309991\" rel=\"noopener\"><span class=\"gspb-buttonbox-textwrap\"><span class=\"gspb-buttonbox-text\"><span class=\"gspb-buttonbox-title\">\u043a\u043b\u0438\u043a\u043d\u0438 \u0434\u0430 \u043f\u043e\u0437\u043e\u0432\u0435\u0448<\/span><\/span><\/span><\/a><\/div>\n<\/div>\n\n\n\n<div class=\"wp-block-greenshift-blocks-row-column gspb_row__col--6 gspb_row__col--md-12 gspb_col-id-gsbp-a608327\" id=\"gspb_col-id-gsbp-a608327\">\n<div class=\"wp-block-greenshift-blocks-image gspb_image gspb_image-id-gsbp-9e53fb4\" id=\"gspb_image-id-gsbp-9e53fb4\"><img decoding=\"async\" src=\"https:\/\/drspiric.com\/wp-content\/uploads\/2024\/02\/services-page-cta-image-2.webp\" data-src=\"\" alt=\"\" loading=\"lazy\" width=\"100%\" height=\"400\"><\/div>\n<\/div>\n <\/div><\/div>\n\n<div class=\"wp-block-greenshift-blocks-row gspb_row gspb_row-id-gsbp-7e4a375\" id=\"gspb_row-id-gsbp-7e4a375\">\n<div class=\"wp-block-greenshift-blocks-row-column gspb_row__col--12 gspb_col-id-gsbp-cd43a87\" id=\"gspb_col-id-gsbp-cd43a87\">\n<p id=\"gspb_text-id-gsbp-35b2941\" class=\"gspb_text gspb_text-id-gsbp-35b2941 \">\u0423\u043a\u043e\u043b\u0438\u043a\u043e \u0458\u0435 \u0438 \u0412\u0430\u043c\u0430 \u043f\u043e\u0442\u0440\u0435\u0431\u0430\u043d \u043f\u0430\u0440\u0442\u043d\u0435\u0440 \u0437\u0430 \u0434\u0438\u0433\u0438\u0442\u0430\u043b\u043d\u0443 \u0442\u0440\u0430\u043d\u0441\u0444\u043e\u0440\u043c\u0430\u0446\u0438\u0458\u0443, \u0438\u043c\u0430\u043c\u043e \u043d\u0435\u0448\u0442\u043e \u0437\u0430 \u0432\u0430\u0441.<\/p>\n\n\n\n<div class=\"gspb_button_wrapper gspb_button-id-gsbp-9d9b66d\" id=\"gspb_button-id-gsbp-9d9b66d\"><a class=\"wp-block-greenshift-blocks-buttonbox gspb-buttonbox wp-element-button\" href=\"https:\/\/maypact.com\" target=\"_blank\" rel=\"noopener\"><span class=\"gspb-buttonbox-textwrap\"><span class=\"gspb-buttonbox-text\"><span class=\"gspb-buttonbox-title\">\u043f\u043e\u0441\u0435\u0442\u0438 \u043f\u0430\u0440\u0442\u043d\u0435\u0440\u0430<\/span><\/span><\/span><\/a><\/div>\n<\/div>\n<\/div>\n","protected":false},"excerpt":{"rendered":"","protected":false},"author":4,"featured_media":0,"parent":0,"menu_order":0,"comment_status":"closed","ping_status":"closed","template":"","meta":{"_gspb_post_css":"#gspb_row-id-gsbp-90dd5fd{justify-content:space-between;margin-top:0;display:flex;flex-wrap:wrap;align-content:center;margin-bottom:120px;padding-top:50px;padding-bottom:50px}#gspb_row-id-gsbp-90dd5fd>.gspb_row__content{display:flex;justify-content:space-between;margin:0 auto;width:100%;flex-wrap:wrap}div[id^=gspb_col-id]{box-sizing:border-box;position:relative;padding:15px min(3vw,20px)}@media (max-width:991.98px){#gspb_row-id-gsbp-90dd5fd>.gspb_row__content{row-gap:30px}}#gspb_row-id-gsbp-90dd5fd>.gspb_row__content{align-items:center}body.gspb-bodyfront #gspb_row-id-gsbp-90dd5fd>.gspb_row__content{width:var(--theme-container-width, 1200px);max-width:var(--theme-normal-container-max-width, 1200px)}@media (max-width:991.98px){#gspb_row-id-gsbp-90dd5fd{margin-bottom:80px;padding-right:50px;padding-left:50px}}@media (max-width:575.98px){#gspb_row-id-gsbp-90dd5fd{margin-bottom:60px;padding-right:35px;padding-left:35px}}#gspb_row-id-gsbp-90dd5fd{background-color:#ffe7d96b}#gspb_col-id-gsbp-d560c25.gspb_row__col--4{width:calc(33.333333333333336% - 5px)}@media (max-width:991.98px){#gspb_col-id-gsbp-d560c25.gspb_row__col--4{width:100%}}@media (max-width:767.98px){#gspb_col-id-gsbp-d560c25.gspb_row__col--4{width:calc(100% - 5px)}}@media (max-width:575.98px){#gspb_col-id-gsbp-d560c25.gspb_row__col--4{width:100%}}@media (min-width:992px){body.gspb-bodyfront #gspb_col-id-gsbp-d560c25.gspb_row__col--4{width:calc(50% - 0px - 5px)}}.gspb_row #gspb_col-id-gsbp-d560c25.gspb_row__col--4{padding:70px 0}@media (max-width:991.98px){.gspb_row #gspb_col-id-gsbp-d560c25.gspb_row__col--4{padding-top:50px;padding-bottom:0}}@media (max-width:575.98px){.gspb_row #gspb_col-id-gsbp-d560c25.gspb_row__col--4{padding-bottom:0}}body #gspb_col-id-gsbp-d560c25.gspb_row__col--4{display:flex;flex-direction:column;justify-content:center}@media (max-width:991.98px){body #gspb_col-id-gsbp-d560c25.gspb_row__col--4{align-items:center}}#gspb_heading-id-gsbp-2ffee04{font-size:50px}@media (max-width:991.98px){#gspb_heading-id-gsbp-2ffee04{font-size:35px}}@media (max-width:575.98px){#gspb_heading-id-gsbp-2ffee04{font-size:30px}}@media (max-width:991.98px){#gspb_heading-id-gsbp-2ffee04,#gspb_heading-id-gsbp-2ffee04 .gsap-g-line{text-align:center!important}}#gspb_heading-id-gsbp-2ffee04{font-weight:800!important;margin-top:0;margin-bottom:10px}.gspb_text-id-gsbp-3126488{font-size:20px;margin-bottom:0!important}#gspb_col-id-gsbp-2affbd5.gspb_row__col--8{width:calc(66.66666666666667% - 5px)}@media (max-width:991.98px){#gspb_col-id-gsbp-2affbd5.gspb_row__col--8{width:100%}}@media (max-width:767.98px){#gspb_col-id-gsbp-2affbd5.gspb_row__col--8{width:calc(100% - 5px)}}@media (max-width:575.98px){#gspb_col-id-gsbp-2affbd5.gspb_row__col--8{width:100%}}@media (min-width:992px){body.gspb-bodyfront #gspb_col-id-gsbp-2affbd5.gspb_row__col--8{width:calc(50% - 0px - 5px)}}.gspb_row #gspb_col-id-gsbp-2affbd5.gspb_row__col--8{padding:0}body #gspb_col-id-gsbp-2affbd5.gspb_row__col--8{display:flex;flex-direction:column;justify-content:flex-end}#gspb_image-id-gsbp-7ec564e img,#gspb_image-id-gsbp-960d7e1 img{object-fit:cover;vertical-align:top;display:inline-block;box-sizing:border-box;max-width:100%;border-top-left-radius:5px;border-top-right-radius:5px;border-bottom-right-radius:5px;border-bottom-left-radius:5px}#gspb_image-id-gsbp-960d7e1 img{object-position:60% 30%;width:100%;height:400px}#gspb_image-id-gsbp-960d7e1{height:400px}#gspb_row-id-gsbp-8a7846f{justify-content:space-between;display:flex;flex-wrap:wrap;margin-top:100px;margin-bottom:100px}#gspb_row-id-gsbp-8a7846f>.gspb_row__content{display:flex;justify-content:space-between;margin:0 auto;width:100%;flex-wrap:wrap}body.gspb-bodyfront #gspb_row-id-gsbp-8a7846f>.gspb_row__content{width:var(--theme-container-width, 1200px);max-width:var(--theme-normal-container-max-width, 1200px)}#gspb_col-id-gsbp-ea342e4.gspb_row__col--6{width:50%}@media (max-width:991.98px){#gspb_col-id-gsbp-ea342e4.gspb_row__col--6{width:100%}}@media (max-width:575.98px){#gspb_col-id-gsbp-ea342e4.gspb_row__col--6{width:100%}}body #gspb_col-id-gsbp-ea342e4.gspb_row__col--6{row-gap:20px}#gspb_heading-id-gsbp-445fbb0{margin:0}.gspb_text-id-gsbp-5458dbc{margin-bottom:0!important}#gspb_col-id-gsbp-f87bc77.gspb_row__col--6{width:50%}@media (max-width:991.98px){#gspb_col-id-gsbp-f87bc77.gspb_row__col--6{width:100%}}@media (max-width:575.98px){#gspb_col-id-gsbp-f87bc77.gspb_row__col--6{width:100%}}@media (max-width:991.98px){#gspb_col-id-gsbp-f87bc77.gspb_row__col--6{order:-1}}body #gspb_col-id-gsbp-ea342e4.gspb_row__col--6,body #gspb_col-id-gsbp-f87bc77.gspb_row__col--6{display:flex;flex-direction:column;flex-wrap:wrap;justify-content:center;align-content:stretch;align-items:stretch}@media (max-width:991.98px){body #gspb_col-id-gsbp-f87bc77.gspb_row__col--6{justify-content:flex-start;align-content:stretch}}#gspb_image-id-gsbp-7ec564e img{width:auto}@media (max-width:991.98px){#gspb_image-id-gsbp-7ec564e img{width:100%}}#gspb_image-id-gsbp-7ec564e,#gspb_image-id-gsbp-7ec564e img{height:400px}@media (max-width:991.98px){#gspb_image-id-gsbp-7ec564e,#gspb_image-id-gsbp-7ec564e img{height:300px}}#gspb_row-id-gsbp-06b642d,#gspb_row-id-gsbp-b261a1a{justify-content:space-between;margin-top:0;margin-bottom:0;display:flex;flex-wrap:wrap}#gspb_row-id-gsbp-b261a1a{margin-top:100px;margin-bottom:100px;padding-top:50px;padding-bottom:50px;background-color:#ffe7d96b}#gspb_row-id-gsbp-06b642d>.gspb_row__content,#gspb_row-id-gsbp-b261a1a>.gspb_row__content{display:flex;justify-content:space-between;margin:0 auto;width:100%;flex-wrap:wrap}#gspb_col-id-gsbp-de24212.gspb_row__col--6{width:50%}@media (max-width:991.98px){#gspb_col-id-gsbp-de24212.gspb_row__col--6{width:100%}}@media (max-width:575.98px){#gspb_col-id-gsbp-de24212.gspb_row__col--6{width:100%}}body #gspb_col-id-gsbp-de24212.gspb_row__col--6{row-gap:20px}#gspb_heading-id-gsbp-064e000{margin:0}#gspb_col-id-gsbp-9b8364a.gspb_row__col--6{width:50%}@media (max-width:991.98px){#gspb_col-id-gsbp-9b8364a.gspb_row__col--6{width:100%}}@media (max-width:575.98px){#gspb_col-id-gsbp-9b8364a.gspb_row__col--6{width:100%}}@media (max-width:991.98px){#gspb_col-id-gsbp-9b8364a.gspb_row__col--6{order:-1}}body #gspb_col-id-gsbp-9b8364a.gspb_row__col--6,body #gspb_col-id-gsbp-de24212.gspb_row__col--6{display:flex;flex-direction:column;flex-wrap:wrap;justify-content:center;align-content:stretch;align-items:stretch}#gspb_image-id-gsbp-a0771d7 img{object-fit:cover;vertical-align:top;display:inline-block;box-sizing:border-box;max-width:100%;border-top-left-radius:5px;border-top-right-radius:5px;border-bottom-right-radius:5px;border-bottom-left-radius:5px;width:auto}@media (max-width:991.98px){#gspb_image-id-gsbp-a0771d7 img{width:100%}}#gspb_image-id-gsbp-a0771d7,#gspb_image-id-gsbp-a0771d7 img{height:400px}@media (max-width:991.98px){#gspb_image-id-gsbp-a0771d7,#gspb_image-id-gsbp-a0771d7 img{height:300px}}#gspb_row-id-gsbp-d4c3fc4{justify-content:space-between;display:flex;flex-wrap:wrap;margin-top:100px;margin-bottom:100px}#gspb_row-id-gsbp-d4c3fc4>.gspb_row__content{display:flex;justify-content:space-between;margin:0 auto;width:100%;flex-wrap:wrap}body.gspb-bodyfront #gspb_row-id-gsbp-06b642d>.gspb_row__content,body.gspb-bodyfront #gspb_row-id-gsbp-b261a1a>.gspb_row__content,body.gspb-bodyfront #gspb_row-id-gsbp-d4c3fc4>.gspb_row__content{width:var(--theme-container-width, 1200px);max-width:var(--theme-normal-container-max-width, 1200px)}#gspb_col-id-gsbp-0112ea0.gspb_row__col--6{width:50%}@media (max-width:991.98px){#gspb_col-id-gsbp-0112ea0.gspb_row__col--6{width:100%}}@media (max-width:575.98px){#gspb_col-id-gsbp-0112ea0.gspb_row__col--6{width:100%}}body #gspb_col-id-gsbp-0112ea0.gspb_row__col--6{flex-wrap:wrap;row-gap:20px}#gspb_heading-id-gsbp-16c8e3f{margin:0}.gspb_text-id-gsbp-0773bcd,.gspb_text-id-gsbp-38a3d7a{margin-bottom:0!important}#gspb_col-id-gsbp-a608327.gspb_row__col--6{width:50%}@media (max-width:991.98px){#gspb_col-id-gsbp-a608327.gspb_row__col--6{width:100%}}@media (max-width:575.98px){#gspb_col-id-gsbp-a608327.gspb_row__col--6{width:100%}}@media (max-width:991.98px){#gspb_col-id-gsbp-a608327.gspb_row__col--6{order:-1}}body #gspb_col-id-gsbp-0112ea0.gspb_row__col--6,body #gspb_col-id-gsbp-a608327.gspb_row__col--6{display:flex;flex-direction:column;justify-content:center;align-content:stretch;align-items:stretch}#gspb_image-id-gsbp-9e53fb4 img{object-fit:cover;object-position:56.99999999999999% 30%;vertical-align:top;display:inline-block;box-sizing:border-box;max-width:100%;border-top-left-radius:5px;border-top-right-radius:5px;border-bottom-right-radius:5px;border-bottom-left-radius:5px;width:100%}@media (max-width:991.98px){#gspb_image-id-gsbp-9e53fb4 img{width:100%}}#gspb_image-id-gsbp-9e53fb4,#gspb_image-id-gsbp-9e53fb4 img{height:400px}@media (max-width:991.98px){#gspb_image-id-gsbp-9e53fb4,#gspb_image-id-gsbp-9e53fb4 img{height:300px}}#gspb_button-id-gsbp-5ffb24f{display:flex;justify-content:flex-start}#gspb_button-id-gsbp-5ffb24f .gspb-buttonbox-text{display:flex;flex-direction:column}#gspb_button-id-gsbp-5ffb24f>.gspb-buttonbox{box-sizing:border-box;margin-bottom:0;min-width:33%}@media (max-width:991.98px){#gspb_button-id-gsbp-5ffb24f{justify-content:center}}#gspb_button-id-gsbp-5ffb24f>.gspb-buttonbox:hover{background-color:var(--wp--preset--color--palette-color-9, var(--theme-palette-color-9, #FFE8DA))!important;color:var(--wp--preset--color--palette-color-2, var(--theme-palette-color-2, #f78f29))}@media (max-width:575.98px){#gspb_button-id-gsbp-5ffb24f>.gspb-buttonbox{min-width:100%}}#gspb_button-id-gsbp-5ffb24f>.gspb-buttonbox,#gspb_button-id-gsbp-5ffb24f>.gspb-buttonbox>.gspb_backgroundOverlay{border-top-left-radius:5px;border-top-right-radius:5px;border-bottom-right-radius:5px;border-bottom-left-radius:5px}#gspb_row-id-gsbp-7e4a375{justify-content:space-between;margin-top:0;margin-bottom:0;display:flex;flex-wrap:wrap}#gspb_row-id-gsbp-7e4a375>.gspb_row__content{display:flex;justify-content:space-between;margin:0 auto;width:100%;flex-wrap:wrap}.gspb_row{position:relative}#gspb_col-id-gsbp-cd43a87.gspb_row__col--12{width:100%}@media (max-width:575.98px){#gspb_col-id-gsbp-cd43a87.gspb_row__col--12{width:100%}}@media (min-width:992px){body.gspb-bodyfront #gspb_col-id-gsbp-cd43a87.gspb_row__col--12{width:calc(100% - 0px - 0px)}}#gspb_col-id-gsbp-cd43a87.gspb_row__col--12{background-color:#5152fb21}body #gspb_col-id-gsbp-cd43a87.gspb_row__col--12{display:flex;flex-direction:row;flex-wrap:wrap;justify-content:center;align-items:center;row-gap:20px;column-gap:20px}@media (max-width:991.98px){body #gspb_col-id-gsbp-cd43a87.gspb_row__col--12{flex-wrap:nowrap}}@media (max-width:575.98px){body #gspb_col-id-gsbp-cd43a87.gspb_row__col--12{flex-direction:column;flex-wrap:wrap;justify-content:flex-start;align-content:stretch;align-items:stretch}}.gspb_text-id-gsbp-35b2941{margin-bottom:0!important}@media (max-width:991.98px){.gspb_text-id-gsbp-35b2941{margin-bottom:0!important;max-width:450px}}#gspb_button-id-gsbp-9d9b66d{display:flex;justify-content:flex-start}#gspb_button-id-gsbp-9d9b66d .gspb-buttonbox-text{display:flex;flex-direction:column}#gspb_button-id-gsbp-9d9b66d>.gspb-buttonbox{box-sizing:border-box;background-color:#5152fb}#gspb_button-id-gsbp-9d9b66d>.gspb-buttonbox:hover{background-color:#4040c7!important}@media (max-width:575.98px){#gspb_button-id-gsbp-9d9b66d>.gspb-buttonbox{min-width:100%}}#gspb_button-id-gsbp-9d9b66d>.gspb-buttonbox,#gspb_button-id-gsbp-9d9b66d>.gspb-buttonbox>.gspb_backgroundOverlay{border-top-left-radius:5px;border-top-right-radius:5px;border-bottom-right-radius:5px;border-bottom-left-radius:5px}","iawp_total_views":2,"footnotes":""},"blocksy_meta":{"has_hero_section":"disabled","vertical_spacing_source":"custom","content_area_spacing":"none","styles_descriptor":{"styles":{"desktop":"","tablet":"","mobile":""},"google_fonts":[],"version":6}},"_links":{"self":[{"href":"https:\/\/drspiric.com\/sr-latn\/wp-json\/wp\/v2\/pages\/1172"}],"collection":[{"href":"https:\/\/drspiric.com\/sr-latn\/wp-json\/wp\/v2\/pages"}],"about":[{"href":"https:\/\/drspiric.com\/sr-latn\/wp-json\/wp\/v2\/types\/page"}],"author":[{"embeddable":true,"href":"https:\/\/drspiric.com\/sr-latn\/wp-json\/wp\/v2\/users\/4"}],"replies":[{"embeddable":true,"href":"https:\/\/drspiric.com\/sr-latn\/wp-json\/wp\/v2\/comments?post=1172"}],"version-history":[{"count":1,"href":"https:\/\/drspiric.com\/sr-latn\/wp-json\/wp\/v2\/pages\/1172\/revisions"}],"predecessor-version":[{"id":1173,"href":"https:\/\/drspiric.com\/sr-latn\/wp-json\/wp\/v2\/pages\/1172\/revisions\/1173"}],"wp:attachment":[{"href":"https:\/\/drspiric.com\/sr-latn\/wp-json\/wp\/v2\/media?parent=1172"}],"curies":[{"name":"wp","href":"https:\/\/api.w.org\/{rel}","templated":true}]}}