{"id":1174,"date":"2024-04-04T13:22:18","date_gmt":"2024-04-04T13:22:18","guid":{"rendered":"https:\/\/drspiric.com\/oralna-hirurgija\/"},"modified":"2024-06-13T15:57:42","modified_gmt":"2024-06-13T15:57:42","slug":"oralna-hirurgija","status":"publish","type":"page","link":"https:\/\/drspiric.com\/sr-latn\/oralna-hirurgija\/","title":{"rendered":"Oralna hirurgija"},"content":{"rendered":"\n<div class=\"wp-block-greenshift-blocks-row alignfull gspb_row gspb_row-id-gsbp-90dd5fd gspb_row--gutter-custom-0\" id=\"gspb_row-id-gsbp-90dd5fd\"><div class=\"gspb_row__content\"> \n<div class=\"wp-block-greenshift-blocks-row-column gspb_row__col--4 gspb_row__col--md-12 gspb_col-id-gsbp-d560c25\" id=\"gspb_col-id-gsbp-d560c25\">\n\n\n<h2 id=\"gspb_heading-id-gsbp-2ffee04\" class=\"gspb_heading gspb_heading-id-gsbp-2ffee04 \">Oralna hirurgija<\/h2>\n\n\n\n<p id=\"gspb_text-id-gsbp-78c0cd4\" class=\"gspb_text gspb_text-id-gsbp-78c0cd4 \">U ordinaciji se obavljaju razne oralnohirur\u0161ke procedure. Od rutinskih va\u0111enja do najkomplikovanijih oralnohirur\u0161kih zahvata.<\/p>\n<\/div>\n\n\n\n<div class=\"wp-block-greenshift-blocks-row-column gspb_row__col--8 gspb_row__col--md-12 gspb_col-id-gsbp-2affbd5\" id=\"gspb_col-id-gsbp-2affbd5\">\n<div class=\"wp-block-greenshift-blocks-image gspb_image gspb_image-id-gsbp-960d7e1\" id=\"gspb_image-id-gsbp-960d7e1\"><img decoding=\"async\" src=\"https:\/\/drspiric.com\/wp-content\/uploads\/2024\/04\/2411697.webp\" data-src=\"\" alt=\"Oralna hirurgija uz eksperte ilustracija za Ordinacija Spiri\u0107\" loading=\"lazy\" width=\"100%\" height=\"400\"><\/div>\n<\/div>\n <\/div><\/div>\n\n<div class=\"wp-block-greenshift-blocks-row gspb_row gspb_row-id-gsbp-8a7846f\" id=\"gspb_row-id-gsbp-8a7846f\"><div class=\"gspb_row__content\"> \n<div class=\"wp-block-greenshift-blocks-row-column gspb_row__col--6 gspb_row__col--md-12 gspb_col-id-gsbp-ea342e4\" id=\"gspb_col-id-gsbp-ea342e4\">\n<h3 id=\"gspb_heading-id-gsbp-445fbb0\" class=\"gspb_heading gspb_heading-id-gsbp-445fbb0 \">Ekstrakcija impaktiranog o\u010dnjaka i umanjaka<\/h3>\n\n\n\n<div id=\"gspb_text-id-gsbp-5458dbc\" class=\"gspb_text gspb_text-id-gsbp-5458dbc \">Je procedura u stomatologiji koja se koristi za uklanjanje zuba koji su zarobljeni u vilici, \u0161to zna\u010di da nisu u potpunosti izrasli ili su nepravilno pozicionirani. Impaktirani o\u010dnjaci i umnjaci mogu uzrokovati razli\u010dite probleme, uklju\u010duju\u0107i bol, upale, pomeranje drugih zuba ili formiranje cista. Stoga se \u010desto preporu\u010duje njihovo izvla\u010denje kako bi se o\u010duvalo oralno zdravlje i spre\u010dile komplikacije.<br\/><br\/>Ova procedura se obavlja pod lokalnom anestezijom kako bi se smanjila nelagodnost i osigurala udobnost pacijenta tokom zahvata. Nakon esktrakcije, va\u017eno je pratiti uputstva stomatologa o postoperativnoj nezi kako bi se osiguralo brzo i bezbolno zarastanje.<\/div>\n\n\n\n<div class=\"gspb_button_wrapper gspb_button-id-gsbp-5ffb24f\" id=\"gspb_button-id-gsbp-5ffb24f\"><a class=\"wp-block-greenshift-blocks-buttonbox gspb-buttonbox wp-element-button\" href=\"tel:+381641309991\" rel=\"noopener\"><span class=\"gspb-buttonbox-textwrap\"><span class=\"gspb-buttonbox-text\"><span class=\"gspb-buttonbox-title\">\u043a\u043b\u0438\u043a\u043d\u0438 \u0434\u0430 \u043f\u043e\u0437\u043e\u0432\u0435\u0448<\/span><\/span><\/span><\/a><\/div>\n<\/div>\n\n\n\n<div class=\"wp-block-greenshift-blocks-row-column gspb_row__col--6 gspb_row__col--md-12 gspb_col-id-gsbp-f87bc77\" id=\"gspb_col-id-gsbp-f87bc77\">\n<div class=\"wp-block-greenshift-blocks-image gspb_image gspb_image-id-gsbp-7ec564e\" id=\"gspb_image-id-gsbp-7ec564e\"><img decoding=\"async\" src=\"https:\/\/drspiric.com\/wp-content\/uploads\/2024\/04\/Omaok-Wisdom-Teeth.webp\" data-src=\"\" alt=\"Ekstrakcija impaktiranog umnjaka ilustracija za Ordinacija Spiri\u0107\" loading=\"lazy\" width=\"100%\" height=\"400\"><\/div>\n<\/div>\n <\/div><\/div>\n\n<div class=\"wp-block-greenshift-blocks-row alignfull gspb_row gspb_row-id-gsbp-f4bb6a8\" id=\"gspb_row-id-gsbp-f4bb6a8\"><div class=\"gspb_row__content\"> \n<div class=\"wp-block-greenshift-blocks-row-column gspb_row__col--6 gspb_row__col--md-12 gspb_col-id-gsbp-58f70ca\" id=\"gspb_col-id-gsbp-58f70ca\">\n<h3 id=\"gspb_heading-id-gsbp-3cf713e\" class=\"gspb_heading gspb_heading-id-gsbp-3cf713e \">Frenektomija<\/h3>\n\n\n\n<div id=\"gspb_text-id-gsbp-4507365\" class=\"gspb_text gspb_text-id-gsbp-4507365 \">Frenektomija je procedura koja se koristi za uklanjanje ili osloba\u0111anje frenuluma, tankog tkiva koje povezuje dva anatomski srodna dela tela, kao \u0161to su usna ili jezik. Frenektomija se naj\u010de\u0161\u0107e izvodi u stomatologiji kako bi se korigovale anomalije poput povi\u0161enog frenuluma koji mo\u017ee ometati normalno funkcionisanje usana ili jezika.<br\/><br\/>Ova procedura mo\u017ee biti posebno korisna kod problema kao \u0161to su ograni\u010dena pokretljivost jezika ili pote\u0161ko\u0107e prija prijanjanju usana. Nakon frenektomije, pacijenti mogu imati pobolj\u0161an govor, \u017evakanje i estetiku, a oporavak obi\u010dno traje nekoliko dana.<\/div>\n\n\n\n<div class=\"gspb_button_wrapper gspb_button-id-gsbp-5ffb24f\" id=\"gspb_button-id-gsbp-5ffb24f\"><a class=\"wp-block-greenshift-blocks-buttonbox gspb-buttonbox wp-element-button\" href=\"tel:+381641309991\" rel=\"noopener\"><span class=\"gspb-buttonbox-textwrap\"><span class=\"gspb-buttonbox-text\"><span class=\"gspb-buttonbox-title\">\u043a\u043b\u0438\u043a\u043d\u0438 \u0434\u0430 \u043f\u043e\u0437\u043e\u0432\u0435\u0448<\/span><\/span><\/span><\/a><\/div>\n<\/div>\n\n\n\n<div class=\"wp-block-greenshift-blocks-row-column gspb_row__col--6 gspb_row__col--md-12 gspb_col-id-gsbp-a214554\" id=\"gspb_col-id-gsbp-a214554\">\n<div class=\"wp-block-greenshift-blocks-image gspb_image gspb_image-id-gsbp-1d4ae8f\" id=\"gspb_image-id-gsbp-1d4ae8f\"><img decoding=\"async\" src=\"https:\/\/drspiric.com\/wp-content\/uploads\/2024\/04\/Reema-Frenectomy-Papillae-X3b-0074.webp\" data-src=\"\" alt=\"Frenektomija ilustracija za Ordinacija Spiri\u0107\" loading=\"lazy\" width=\"100%\" height=\"400\"><\/div>\n<\/div>\n <\/div><\/div>\n\n<div class=\"wp-block-greenshift-blocks-row alignfull gspb_row gspb_row-id-gsbp-837f0f1\" id=\"gspb_row-id-gsbp-837f0f1\"><div class=\"gspb_row__content\"> \n<div class=\"wp-block-greenshift-blocks-row-column gspb_row__col--6 gspb_row__col--md-12 gspb_col-id-gsbp-700537f\" id=\"gspb_col-id-gsbp-700537f\">\n<h3 id=\"gspb_heading-id-gsbp-7a20173\" class=\"gspb_heading gspb_heading-id-gsbp-7a20173 \">Ugradnja ve\u0161ta\u010dke kosti<\/h3>\n\n\n\n<div id=\"gspb_text-id-gsbp-0897062\" class=\"gspb_text gspb_text-id-gsbp-0897062 \">Ve\u0161ta\u010dka kost je sastavljenja od sitnih granula koje se ugra\u0111uju ispod desni. Te granule \u010dine podlogu u koju \u0107e se deponovati \u0107elije ljudske kosti koju stvara na\u0161 organizam i vremenom \u0107e \u0107elije ve\u0161ta\u010dke kosti nestati, a zameni\u0107e ih \u0107elije prirodne kosti.<\/div>\n\n\n\n<div class=\"gspb_button_wrapper gspb_button-id-gsbp-5ffb24f\" id=\"gspb_button-id-gsbp-5ffb24f\"><a class=\"wp-block-greenshift-blocks-buttonbox gspb-buttonbox wp-element-button\" href=\"tel:+381641309991\" rel=\"noopener\"><span class=\"gspb-buttonbox-textwrap\"><span class=\"gspb-buttonbox-text\"><span class=\"gspb-buttonbox-title\">\u043a\u043b\u0438\u043a\u043d\u0438 \u0434\u0430 \u043f\u043e\u0437\u043e\u0432\u0435\u0448<\/span><\/span><\/span><\/a><\/div>\n<\/div>\n\n\n\n<div class=\"wp-block-greenshift-blocks-row-column gspb_row__col--6 gspb_row__col--md-12 gspb_col-id-gsbp-397aec0\" id=\"gspb_col-id-gsbp-397aec0\">\n<div class=\"wp-block-greenshift-blocks-image gspb_image gspb_image-id-gsbp-069814f\" id=\"gspb_image-id-gsbp-069814f\"><img decoding=\"async\" src=\"https:\/\/drspiric.com\/wp-content\/uploads\/2024\/04\/ugradnja-vestacke-kosti1.webp\" data-src=\"\" alt=\"Ugradnja ve\u0161ta\u010dke kosti ilustracija za Ordinacija Spiri\u0107\" loading=\"lazy\" width=\"100%\" height=\"400\"><\/div>\n<\/div>\n <\/div><\/div>\n\n<div class=\"wp-block-greenshift-blocks-row gspb_row gspb_row-id-gsbp-7e4a375\" id=\"gspb_row-id-gsbp-7e4a375\">\n<div class=\"wp-block-greenshift-blocks-row-column gspb_row__col--12 gspb_col-id-gsbp-cd43a87\" id=\"gspb_col-id-gsbp-cd43a87\">\n<p id=\"gspb_text-id-gsbp-35b2941\" class=\"gspb_text gspb_text-id-gsbp-35b2941 \">\u0423\u043a\u043e\u043b\u0438\u043a\u043e \u0458\u0435 \u0438 \u0412\u0430\u043c\u0430 \u043f\u043e\u0442\u0440\u0435\u0431\u0430\u043d \u043f\u0430\u0440\u0442\u043d\u0435\u0440 \u0437\u0430 \u0434\u0438\u0433\u0438\u0442\u0430\u043b\u043d\u0443 \u0442\u0440\u0430\u043d\u0441\u0444\u043e\u0440\u043c\u0430\u0446\u0438\u0458\u0443, \u0438\u043c\u0430\u043c\u043e \u043d\u0435\u0448\u0442\u043e \u0437\u0430 \u0432\u0430\u0441.<\/p>\n\n\n\n<div class=\"gspb_button_wrapper gspb_button-id-gsbp-9d9b66d\" id=\"gspb_button-id-gsbp-9d9b66d\"><a class=\"wp-block-greenshift-blocks-buttonbox gspb-buttonbox wp-element-button\" href=\"https:\/\/maypact.com\" target=\"_blank\" rel=\"noopener\"><span class=\"gspb-buttonbox-textwrap\"><span class=\"gspb-buttonbox-text\"><span class=\"gspb-buttonbox-title\">\u043f\u043e\u0441\u0435\u0442\u0438 \u043f\u0430\u0440\u0442\u043d\u0435\u0440\u0430<\/span><\/span><\/span><\/a><\/div>\n<\/div>\n<\/div>\n","protected":false},"excerpt":{"rendered":"","protected":false},"author":1,"featured_media":0,"parent":0,"menu_order":0,"comment_status":"closed","ping_status":"closed","template":"","meta":{"_gspb_post_css":"#gspb_row-id-gsbp-90dd5fd{justify-content:space-between;margin-top:0;display:flex;flex-wrap:wrap;margin-bottom:120px;padding-top:50px;padding-bottom:50px}#gspb_row-id-gsbp-90dd5fd>.gspb_row__content{display:flex;justify-content:space-between;margin:0 auto;width:100%;flex-wrap:wrap}div[id^=gspb_col-id]{box-sizing:border-box;position:relative;padding:15px min(3vw,20px)}@media (max-width:991.98px){#gspb_row-id-gsbp-90dd5fd>.gspb_row__content{row-gap:30px}}body.gspb-bodyfront #gspb_row-id-gsbp-90dd5fd>.gspb_row__content{width:var(--theme-container-width, 1200px);max-width:var(--theme-normal-container-max-width, 1200px)}@media (max-width:991.98px){#gspb_row-id-gsbp-90dd5fd{margin-bottom:80px;padding-right:50px;padding-left:50px}}@media (max-width:575.98px){#gspb_row-id-gsbp-90dd5fd{margin-bottom:60px;padding-right:35px;padding-left:35px}}#gspb_row-id-gsbp-90dd5fd{background-color:#ffe7d96b}#gspb_col-id-gsbp-d560c25.gspb_row__col--4{width:calc(33.333333333333336% - 5px)}@media (max-width:991.98px){#gspb_col-id-gsbp-d560c25.gspb_row__col--4{width:100%}}@media (max-width:767.98px){#gspb_col-id-gsbp-d560c25.gspb_row__col--4{width:calc(100% - 5px)}}@media (max-width:575.98px){#gspb_col-id-gsbp-d560c25.gspb_row__col--4{width:100%}}@media (min-width:992px){body.gspb-bodyfront #gspb_col-id-gsbp-d560c25.gspb_row__col--4{width:calc(50% - 0px - 5px)}}.gspb_row #gspb_col-id-gsbp-d560c25.gspb_row__col--4{padding:70px 0}@media (max-width:991.98px){.gspb_row #gspb_col-id-gsbp-d560c25.gspb_row__col--4{padding-top:50px;padding-bottom:0}}@media (max-width:575.98px){.gspb_row #gspb_col-id-gsbp-d560c25.gspb_row__col--4{padding-bottom:0}}body #gspb_col-id-gsbp-d560c25.gspb_row__col--4{display:flex;flex-direction:column;justify-content:center}@media (max-width:991.98px){body #gspb_col-id-gsbp-d560c25.gspb_row__col--4{align-items:center}}#gspb_heading-id-gsbp-2ffee04{font-size:50px}@media (max-width:991.98px){#gspb_heading-id-gsbp-2ffee04{font-size:35px}}@media (max-width:575.98px){#gspb_heading-id-gsbp-2ffee04{font-size:30px}}@media (max-width:991.98px){#gspb_heading-id-gsbp-2ffee04,#gspb_heading-id-gsbp-2ffee04 .gsap-g-line{text-align:center!important}}#gspb_heading-id-gsbp-2ffee04{font-weight:800!important;margin-top:0;margin-bottom:10px}#gspb_col-id-gsbp-2affbd5.gspb_row__col--8{width:calc(66.66666666666667% - 5px)}@media (max-width:991.98px){#gspb_col-id-gsbp-2affbd5.gspb_row__col--8{width:100%}}@media (max-width:767.98px){#gspb_col-id-gsbp-2affbd5.gspb_row__col--8{width:calc(100% - 5px)}}@media (max-width:575.98px){#gspb_col-id-gsbp-2affbd5.gspb_row__col--8{width:100%}}@media (min-width:992px){body.gspb-bodyfront #gspb_col-id-gsbp-2affbd5.gspb_row__col--8{width:calc(50% - 0px - 5px)}}.gspb_row #gspb_col-id-gsbp-2affbd5.gspb_row__col--8{padding:0}body #gspb_col-id-gsbp-2affbd5.gspb_row__col--8{display:flex;flex-direction:column;flex-wrap:wrap;justify-content:flex-start;align-content:stretch;align-items:stretch}#gspb_image-id-gsbp-960d7e1 img{object-fit:cover;vertical-align:top;display:inline-block;box-sizing:border-box;max-width:100%;box-shadow:10px 10px 0 0 var(--wp--preset--color--palette-color-2, var(--theme-palette-color-2, #f78f29));border-top-left-radius:5px;border-top-right-radius:5px;border-bottom-right-radius:5px;border-bottom-left-radius:5px;width:100%;height:400px}#gspb_image-id-gsbp-960d7e1{height:400px}@media (max-width:991.98px){#gspb_image-id-gsbp-960d7e1,#gspb_image-id-gsbp-960d7e1 img{height:300px}}#gspb_row-id-gsbp-8a7846f{justify-content:space-between;display:flex;flex-wrap:wrap;margin-top:100px;margin-bottom:100px}#gspb_row-id-gsbp-8a7846f>.gspb_row__content{display:flex;justify-content:space-between;margin:0 auto;width:100%;flex-wrap:wrap}body.gspb-bodyfront #gspb_row-id-gsbp-8a7846f>.gspb_row__content{width:var(--theme-container-width, 1200px);max-width:var(--theme-normal-container-max-width, 1200px)}#gspb_col-id-gsbp-ea342e4.gspb_row__col--6{width:50%}@media (max-width:991.98px){#gspb_col-id-gsbp-ea342e4.gspb_row__col--6{width:100%}}@media (max-width:575.98px){#gspb_col-id-gsbp-ea342e4.gspb_row__col--6{width:100%}}body #gspb_col-id-gsbp-ea342e4.gspb_row__col--6{row-gap:20px}#gspb_heading-id-gsbp-445fbb0{margin:0}.gspb_text-id-gsbp-5458dbc,.gspb_text-id-gsbp-78c0cd4{margin-bottom:0!important}#gspb_col-id-gsbp-f87bc77.gspb_row__col--6{width:50%}@media (max-width:991.98px){#gspb_col-id-gsbp-f87bc77.gspb_row__col--6{width:100%}}@media (max-width:575.98px){#gspb_col-id-gsbp-f87bc77.gspb_row__col--6{width:100%}}@media (max-width:991.98px){#gspb_col-id-gsbp-f87bc77.gspb_row__col--6{order:-1}}body #gspb_col-id-gsbp-ea342e4.gspb_row__col--6,body #gspb_col-id-gsbp-f87bc77.gspb_row__col--6{display:flex;flex-direction:column;flex-wrap:wrap;justify-content:center;align-content:stretch;align-items:stretch}#gspb_image-id-gsbp-7ec564e img{object-fit:cover;vertical-align:top;display:inline-block;box-sizing:border-box;max-width:100%;border-top-left-radius:5px;border-top-right-radius:5px;border-bottom-right-radius:5px;border-bottom-left-radius:5px;width:100%;height:400px}#gspb_image-id-gsbp-7ec564e{height:400px}@media (max-width:991.98px){#gspb_image-id-gsbp-7ec564e,#gspb_image-id-gsbp-7ec564e img{height:300px}}#gspb_row-id-gsbp-f4bb6a8{justify-content:space-between;display:flex;flex-wrap:wrap;margin-top:100px;margin-bottom:100px;padding-top:50px;padding-bottom:50px;background-color:#ffe7d96b}#gspb_row-id-gsbp-f4bb6a8>.gspb_row__content{display:flex;justify-content:space-between;margin:0 auto;width:100%;flex-wrap:wrap}#gspb_col-id-gsbp-58f70ca.gspb_row__col--6{width:50%}@media (max-width:991.98px){#gspb_col-id-gsbp-58f70ca.gspb_row__col--6{width:100%}}@media (max-width:575.98px){#gspb_col-id-gsbp-58f70ca.gspb_row__col--6{width:100%}}@media (max-width:991.98px){#gspb_col-id-gsbp-58f70ca.gspb_row__col--6{order:100}}body #gspb_col-id-gsbp-58f70ca.gspb_row__col--6{row-gap:20px}#gspb_heading-id-gsbp-3cf713e{margin:0}#gspb_col-id-gsbp-a214554.gspb_row__col--6{width:50%}@media (max-width:991.98px){#gspb_col-id-gsbp-a214554.gspb_row__col--6{width:100%}}@media (max-width:575.98px){#gspb_col-id-gsbp-a214554.gspb_row__col--6{width:100%}}body #gspb_col-id-gsbp-58f70ca.gspb_row__col--6,body #gspb_col-id-gsbp-700537f.gspb_row__col--6,body #gspb_col-id-gsbp-a214554.gspb_row__col--6{display:flex;flex-direction:column;flex-wrap:wrap;justify-content:center;align-content:stretch;align-items:stretch}#gspb_image-id-gsbp-1d4ae8f img{object-fit:cover;vertical-align:top;display:inline-block;box-sizing:border-box;max-width:100%;border-top-left-radius:5px;border-top-right-radius:5px;border-bottom-right-radius:5px;border-bottom-left-radius:5px;width:100%;height:400px}#gspb_image-id-gsbp-1d4ae8f{height:400px}@media (max-width:991.98px){#gspb_image-id-gsbp-1d4ae8f,#gspb_image-id-gsbp-1d4ae8f img{height:300px}}#gspb_row-id-gsbp-837f0f1{justify-content:space-between;display:flex;flex-wrap:wrap;margin-top:100px;margin-bottom:100px;padding-top:50px;padding-bottom:50px;background-color:#ffe7d96b}#gspb_row-id-gsbp-837f0f1>.gspb_row__content{display:flex;justify-content:space-between;margin:0 auto;width:100%;flex-wrap:wrap}body.gspb-bodyfront #gspb_row-id-gsbp-837f0f1>.gspb_row__content,body.gspb-bodyfront #gspb_row-id-gsbp-f4bb6a8>.gspb_row__content{width:var(--theme-container-width, 1200px);max-width:var(--theme-normal-container-max-width, 1200px)}#gspb_col-id-gsbp-700537f.gspb_row__col--6{width:50%}@media (max-width:991.98px){#gspb_col-id-gsbp-700537f.gspb_row__col--6{width:100%}}@media (max-width:575.98px){#gspb_col-id-gsbp-700537f.gspb_row__col--6{width:100%}}body #gspb_col-id-gsbp-700537f.gspb_row__col--6{row-gap:20px}#gspb_heading-id-gsbp-7a20173{margin:0}.gspb_text-id-gsbp-0897062,.gspb_text-id-gsbp-4507365{margin-bottom:0!important}#gspb_col-id-gsbp-397aec0.gspb_row__col--6{width:50%}@media (max-width:991.98px){#gspb_col-id-gsbp-397aec0.gspb_row__col--6{width:100%}}@media (max-width:575.98px){#gspb_col-id-gsbp-397aec0.gspb_row__col--6{width:100%}}@media (max-width:991.98px){#gspb_col-id-gsbp-397aec0.gspb_row__col--6{order:-1}}body #gspb_col-id-gsbp-397aec0.gspb_row__col--6{display:flex;flex-direction:column;flex-wrap:wrap;justify-content:flex-start;align-content:stretch;align-items:stretch}#gspb_image-id-gsbp-069814f img{object-fit:cover;object-position:51% 99%;vertical-align:top;display:inline-block;box-sizing:border-box;max-width:100%;border-top-left-radius:5px;border-top-right-radius:5px;border-bottom-right-radius:5px;border-bottom-left-radius:5px;width:100%;height:400px}#gspb_image-id-gsbp-069814f{height:400px}@media (max-width:991.98px){#gspb_image-id-gsbp-069814f,#gspb_image-id-gsbp-069814f img{height:300px}}#gspb_button-id-gsbp-5ffb24f{display:flex;justify-content:flex-start}#gspb_button-id-gsbp-5ffb24f .gspb-buttonbox-text{display:flex;flex-direction:column}#gspb_button-id-gsbp-5ffb24f>.gspb-buttonbox{box-sizing:border-box;margin-bottom:0;min-width:33%}@media (max-width:991.98px){#gspb_button-id-gsbp-5ffb24f{justify-content:center}}#gspb_button-id-gsbp-5ffb24f>.gspb-buttonbox:hover{background-color:var(--wp--preset--color--palette-color-9, var(--theme-palette-color-9, #FFE8DA))!important;color:var(--wp--preset--color--palette-color-2, var(--theme-palette-color-2, #f78f29))}@media (max-width:575.98px){#gspb_button-id-gsbp-5ffb24f>.gspb-buttonbox{min-width:100%}}#gspb_button-id-gsbp-5ffb24f>.gspb-buttonbox,#gspb_button-id-gsbp-5ffb24f>.gspb-buttonbox>.gspb_backgroundOverlay{border-top-left-radius:5px;border-top-right-radius:5px;border-bottom-right-radius:5px;border-bottom-left-radius:5px}#gspb_row-id-gsbp-7e4a375{justify-content:space-between;margin-top:0;margin-bottom:0;display:flex;flex-wrap:wrap}#gspb_row-id-gsbp-7e4a375>.gspb_row__content{display:flex;justify-content:space-between;margin:0 auto;width:100%;flex-wrap:wrap}.gspb_row{position:relative}#gspb_col-id-gsbp-cd43a87.gspb_row__col--12{width:100%}@media (max-width:575.98px){#gspb_col-id-gsbp-cd43a87.gspb_row__col--12{width:100%}}@media (min-width:992px){body.gspb-bodyfront #gspb_col-id-gsbp-cd43a87.gspb_row__col--12{width:calc(100% - 0px - 0px)}}#gspb_col-id-gsbp-cd43a87.gspb_row__col--12{background-color:#5152fb21}body #gspb_col-id-gsbp-cd43a87.gspb_row__col--12{display:flex;flex-direction:row;flex-wrap:wrap;justify-content:center;align-items:center;row-gap:20px;column-gap:20px}@media (max-width:991.98px){body #gspb_col-id-gsbp-cd43a87.gspb_row__col--12{flex-wrap:nowrap}}@media (max-width:575.98px){body #gspb_col-id-gsbp-cd43a87.gspb_row__col--12{flex-direction:column;flex-wrap:wrap;justify-content:flex-start;align-content:stretch;align-items:stretch}}.gspb_text-id-gsbp-35b2941{margin-bottom:0!important}@media (max-width:991.98px){.gspb_text-id-gsbp-35b2941{margin-bottom:0!important;max-width:450px}}#gspb_button-id-gsbp-9d9b66d{display:flex;justify-content:flex-start}#gspb_button-id-gsbp-9d9b66d .gspb-buttonbox-text{display:flex;flex-direction:column}#gspb_button-id-gsbp-9d9b66d>.gspb-buttonbox{box-sizing:border-box;background-color:#5152fb}#gspb_button-id-gsbp-9d9b66d>.gspb-buttonbox:hover{background-color:#4040c7!important}@media (max-width:575.98px){#gspb_button-id-gsbp-9d9b66d>.gspb-buttonbox{min-width:100%}}#gspb_button-id-gsbp-9d9b66d>.gspb-buttonbox,#gspb_button-id-gsbp-9d9b66d>.gspb-buttonbox>.gspb_backgroundOverlay{border-top-left-radius:5px;border-top-right-radius:5px;border-bottom-right-radius:5px;border-bottom-left-radius:5px}","iawp_total_views":6,"footnotes":""},"blocksy_meta":{"has_hero_section":"disabled","vertical_spacing_source":"custom","content_area_spacing":"none","styles_descriptor":{"styles":{"desktop":"","tablet":"","mobile":""},"google_fonts":[],"version":6}},"_links":{"self":[{"href":"https:\/\/drspiric.com\/sr-latn\/wp-json\/wp\/v2\/pages\/1174"}],"collection":[{"href":"https:\/\/drspiric.com\/sr-latn\/wp-json\/wp\/v2\/pages"}],"about":[{"href":"https:\/\/drspiric.com\/sr-latn\/wp-json\/wp\/v2\/types\/page"}],"author":[{"embeddable":true,"href":"https:\/\/drspiric.com\/sr-latn\/wp-json\/wp\/v2\/users\/1"}],"replies":[{"embeddable":true,"href":"https:\/\/drspiric.com\/sr-latn\/wp-json\/wp\/v2\/comments?post=1174"}],"version-history":[{"count":5,"href":"https:\/\/drspiric.com\/sr-latn\/wp-json\/wp\/v2\/pages\/1174\/revisions"}],"predecessor-version":[{"id":1185,"href":"https:\/\/drspiric.com\/sr-latn\/wp-json\/wp\/v2\/pages\/1174\/revisions\/1185"}],"wp:attachment":[{"href":"https:\/\/drspiric.com\/sr-latn\/wp-json\/wp\/v2\/media?parent=1174"}],"curies":[{"name":"wp","href":"https:\/\/api.w.org\/{rel}","templated":true}]}}