{"id":1178,"date":"2024-04-04T13:22:47","date_gmt":"2024-04-04T13:22:47","guid":{"rendered":"https:\/\/drspiric.com\/paradontologija\/"},"modified":"2024-06-13T17:02:27","modified_gmt":"2024-06-13T17:02:27","slug":"parodontologija","status":"publish","type":"page","link":"https:\/\/drspiric.com\/sr-latn\/parodontologija\/","title":{"rendered":"Paradontologija"},"content":{"rendered":"\n<div class=\"wp-block-greenshift-blocks-row alignfull gspb_row gspb_row-id-gsbp-90dd5fd gspb_row--gutter-custom-0\" id=\"gspb_row-id-gsbp-90dd5fd\"><div class=\"gspb_row__content\"> \n<div class=\"wp-block-greenshift-blocks-row-column gspb_row__col--4 gspb_row__col--md-12 gspb_col-id-gsbp-d560c25\" id=\"gspb_col-id-gsbp-d560c25\">\n\n\n<h2 id=\"gspb_heading-id-gsbp-2ffee04\" class=\"gspb_heading gspb_heading-id-gsbp-2ffee04 \">Paradontologija<\/h2>\n\n\n\n<p id=\"gspb_text-id-gsbp-f0c505d\" class=\"gspb_text gspb_text-id-gsbp-f0c505d \">Paradontologija se bavi spre\u010davanjem i le\u010denjem bolesit potpornog tkiva zuba, \u0161to je va\u017eno za njihovo \u010dvrsto dr\u017eanje i lep osmeh.<\/p>\n<\/div>\n\n\n\n<div class=\"wp-block-greenshift-blocks-row-column gspb_row__col--8 gspb_row__col--md-12 gspb_col-id-gsbp-2affbd5\" id=\"gspb_col-id-gsbp-2affbd5\">\n<div class=\"wp-block-greenshift-blocks-image gspb_image gspb_image-id-gsbp-960d7e1\" id=\"gspb_image-id-gsbp-960d7e1\"><img decoding=\"async\" src=\"https:\/\/drspiric.com\/wp-content\/uploads\/2024\/02\/article-thumb-8.webp\" data-src=\"\" alt=\"Paradontologija uz eksperte ilustracija Ordinacija Spiri\u0107\" loading=\"lazy\" width=\"100%\" height=\"400\"><\/div>\n<\/div>\n <\/div><\/div>\n\n<div class=\"wp-block-greenshift-blocks-row gspb_row gspb_row-id-gsbp-8a7846f\" id=\"gspb_row-id-gsbp-8a7846f\"><div class=\"gspb_row__content\"> \n<div class=\"wp-block-greenshift-blocks-row-column gspb_row__col--6 gspb_row__col--md-12 gspb_col-id-gsbp-ea342e4\" id=\"gspb_col-id-gsbp-ea342e4\">\n<h3 id=\"gspb_heading-id-gsbp-445fbb0\" class=\"gspb_heading gspb_heading-id-gsbp-445fbb0 \">Uklanjanje tvrdih naslaga (kamenca)<\/h3>\n\n\n\n<div id=\"gspb_text-id-gsbp-5458dbc\" class=\"gspb_text gspb_text-id-gsbp-5458dbc \">\u201eSkidanje kamenca\u201d u stomatologiji podrazumeva proces uklanjanja zubnog kamenca, odnosno kalkulusa, sa zuba. Kalkulus je tvrda naslaga minerala koja se formira na zubima usled nakupljanja plaka i minerala iz pljuva\u010dke.<br\/><br\/>Ne mo\u017ee se ukloniti redovnim pranjem zuba i kori\u0161\u0107enjem konca za zube, ve\u0107 zahteva profesionalnu stomatolo\u0161ku intervenciju kako bi se spre\u010dili problemi poput karijesa, bolesti desni i lo\u0161eg zadaha.<br\/><br\/>Proces obi\u010dno uklju\u010duje upotrebu specijalizovanih stomatolo\u0161kih instrumenata za ne\u017eno struganje kalkulusa sa povr\u0161ine zuba, kako iznad tako i ispod linije desni. Ova procedura je bitan deo odr\u017eavanja oralne higijene i obi\u010dno se obavlja tokom redovnih stomatolo\u0161kih pregleda.<\/div>\n\n\n\n<div class=\"gspb_button_wrapper gspb_button-id-gsbp-5ffb24f\" id=\"gspb_button-id-gsbp-5ffb24f\"><a class=\"wp-block-greenshift-blocks-buttonbox gspb-buttonbox wp-element-button\" href=\"tel:+381641309991\" rel=\"noopener\"><span class=\"gspb-buttonbox-textwrap\"><span class=\"gspb-buttonbox-text\"><span class=\"gspb-buttonbox-title\">\u043a\u043b\u0438\u043a\u043d\u0438 \u0434\u0430 \u043f\u043e\u0437\u043e\u0432\u0435\u0448<\/span><\/span><\/span><\/a><\/div>\n<\/div>\n\n\n\n<div class=\"wp-block-greenshift-blocks-row-column gspb_row__col--6 gspb_row__col--md-12 gspb_col-id-gsbp-f87bc77\" id=\"gspb_col-id-gsbp-f87bc77\">\n<div class=\"wp-block-greenshift-blocks-image gspb_image gspb_image-id-gsbp-7ec564e\" id=\"gspb_image-id-gsbp-7ec564e\"><img decoding=\"async\" src=\"https:\/\/drspiric.com\/wp-content\/uploads\/2024\/04\/istockphoto-1152517491-612x612-1.webp\" data-src=\"\" alt=\"Uklanjanje tvrdih naslaga ilustracija za Ordinacija Spiri\u0107\" loading=\"lazy\" width=\"100%\" height=\"400\"><\/div>\n<\/div>\n <\/div><\/div>\n\n<div class=\"wp-block-greenshift-blocks-row gspb_row gspb_row-id-gsbp-06b642d\" id=\"gspb_row-id-gsbp-06b642d\"><div class=\"gspb_row__content\">  <\/div><\/div>\n\n<div class=\"wp-block-greenshift-blocks-row alignfull gspb_row gspb_row-id-gsbp-7497f9d\" id=\"gspb_row-id-gsbp-7497f9d\"><div class=\"gspb_row__content\"> \n<div class=\"wp-block-greenshift-blocks-row-column gspb_row__col--6 gspb_row__col--md-12 gspb_col-id-gsbp-bf613e6\" id=\"gspb_col-id-gsbp-bf613e6\">\n<h3 id=\"gspb_heading-id-gsbp-24fcecd\" class=\"gspb_heading gspb_heading-id-gsbp-24fcecd \">Uklanjanje mekih naslaga<\/h3>\n\n\n\n<p id=\"gspb_text-id-gsbp-7841909\" class=\"gspb_text gspb_text-id-gsbp-7841909 \">Uklanjanje mekih naslaga sa zuba je rutinski stomatolo\u0161ki postupak koji se obavlja radi o\u010duvanja oralnog zdravlja . Tokom ovog postupka, stomatolog koristi posebne \u010detkice kako bi ne\u017eno uklonio meke naslage sa povr\u0161ine zuba i oko desni. Ove naslaga, koje mogu uklju\u010divati plak i bakterijski biofilm, se uklanjaju kako bi se spre\u010dio razvoj karijesa i bolesti desni.<br\/><br\/>Uklanjanje mekih naslaga obi\u010dno se obavlja tokom redovnih stomatolo\u0161kih pregleda i va\u017eno je za odr\u017eavanje oralne hirurgije i prevenciju oralnih problema.<\/p>\n\n\n\n<div class=\"gspb_button_wrapper gspb_button-id-gsbp-5ffb24f\" id=\"gspb_button-id-gsbp-5ffb24f\"><a class=\"wp-block-greenshift-blocks-buttonbox gspb-buttonbox wp-element-button\" href=\"tel:+381641309991\" rel=\"noopener\"><span class=\"gspb-buttonbox-textwrap\"><span class=\"gspb-buttonbox-text\"><span class=\"gspb-buttonbox-title\">\u043a\u043b\u0438\u043a\u043d\u0438 \u0434\u0430 \u043f\u043e\u0437\u043e\u0432\u0435\u0448<\/span><\/span><\/span><\/a><\/div>\n<\/div>\n\n\n\n<div class=\"wp-block-greenshift-blocks-row-column gspb_row__col--6 gspb_row__col--md-12 gspb_col-id-gsbp-cad72f7\" id=\"gspb_col-id-gsbp-cad72f7\">\n<div class=\"wp-block-greenshift-blocks-image gspb_image gspb_image-id-gsbp-ef7a209\" id=\"gspb_image-id-gsbp-ef7a209\"><img decoding=\"async\" src=\"https:\/\/drspiric.com\/wp-content\/uploads\/2024\/04\/professional-dental-cleaning-female-patients-600nw-1025019133-1.webp\" data-src=\"\" alt=\"Uklanjanje mekih naslaga ilustracija za Ordinacija Spiri\u0107\" loading=\"lazy\" width=\"100%\" height=\"400\"><\/div>\n<\/div>\n <\/div><\/div>\n\n<div class=\"wp-block-greenshift-blocks-row gspb_row gspb_row-id-gsbp-0ba75d5\" id=\"gspb_row-id-gsbp-0ba75d5\"><div class=\"gspb_row__content\"> \n<div class=\"wp-block-greenshift-blocks-row-column gspb_row__col--6 gspb_row__col--md-12 gspb_col-id-gsbp-cc4f36b\" id=\"gspb_col-id-gsbp-cc4f36b\">\n<h3 id=\"gspb_heading-id-gsbp-96d913e\" class=\"gspb_heading gspb_heading-id-gsbp-96d913e \">Re\u017eanj operacija<\/h3>\n\n\n\n<div id=\"gspb_text-id-gsbp-022d070\" class=\"gspb_text gspb_text-id-gsbp-022d070 \">Proces operacije re\u017enja je potpuno bezbolan i traje 30-60 minuta. Cilj operacije je smanjenje dubine parodontalnih \u0111\u017eepova. Treba napomenuti da nivo kosti nije mogu\u0107e u potpunosti nadoknaditi, ali \u0107e svakako zaustaviti njeno dalje propadanje i izbe\u0107i gubitak zuba.<\/div>\n\n\n\n<div class=\"gspb_button_wrapper gspb_button-id-gsbp-5ffb24f\" id=\"gspb_button-id-gsbp-5ffb24f\"><a class=\"wp-block-greenshift-blocks-buttonbox gspb-buttonbox wp-element-button\" href=\"tel:+381641309991\" rel=\"noopener\"><span class=\"gspb-buttonbox-textwrap\"><span class=\"gspb-buttonbox-text\"><span class=\"gspb-buttonbox-title\">\u043a\u043b\u0438\u043a\u043d\u0438 \u0434\u0430 \u043f\u043e\u0437\u043e\u0432\u0435\u0448<\/span><\/span><\/span><\/a><\/div>\n<\/div>\n\n\n\n<div class=\"wp-block-greenshift-blocks-row-column gspb_row__col--6 gspb_row__col--md-12 gspb_col-id-gsbp-5dc9402\" id=\"gspb_col-id-gsbp-5dc9402\">\n<div class=\"wp-block-greenshift-blocks-image gspb_image gspb_image-id-gsbp-be27993\" id=\"gspb_image-id-gsbp-be27993\"><img decoding=\"async\" src=\"https:\/\/drspiric.com\/wp-content\/uploads\/2024\/04\/ugradnja-vestacke-kosti.webp\" data-src=\"\" alt=\"Re\u017eanj operacija ilustracija za Ordinacija Spiri\u0107\" loading=\"lazy\" width=\"100%\" height=\"400\"><\/div>\n<\/div>\n <\/div><\/div>\n\n<div class=\"wp-block-greenshift-blocks-row gspb_row gspb_row-id-gsbp-7e4a375\" id=\"gspb_row-id-gsbp-7e4a375\">\n<div class=\"wp-block-greenshift-blocks-row-column gspb_row__col--12 gspb_col-id-gsbp-cd43a87\" id=\"gspb_col-id-gsbp-cd43a87\">\n<p id=\"gspb_text-id-gsbp-35b2941\" class=\"gspb_text gspb_text-id-gsbp-35b2941 \">\u0423\u043a\u043e\u043b\u0438\u043a\u043e \u0458\u0435 \u0438 \u0412\u0430\u043c\u0430 \u043f\u043e\u0442\u0440\u0435\u0431\u0430\u043d \u043f\u0430\u0440\u0442\u043d\u0435\u0440 \u0437\u0430 \u0434\u0438\u0433\u0438\u0442\u0430\u043b\u043d\u0443 \u0442\u0440\u0430\u043d\u0441\u0444\u043e\u0440\u043c\u0430\u0446\u0438\u0458\u0443, \u0438\u043c\u0430\u043c\u043e \u043d\u0435\u0448\u0442\u043e \u0437\u0430 \u0432\u0430\u0441.<\/p>\n\n\n\n<div class=\"gspb_button_wrapper gspb_button-id-gsbp-9d9b66d\" id=\"gspb_button-id-gsbp-9d9b66d\"><a class=\"wp-block-greenshift-blocks-buttonbox gspb-buttonbox wp-element-button\" href=\"https:\/\/maypact.com\" target=\"_blank\" rel=\"noopener\"><span class=\"gspb-buttonbox-textwrap\"><span class=\"gspb-buttonbox-text\"><span class=\"gspb-buttonbox-title\">\u043f\u043e\u0441\u0435\u0442\u0438 \u043f\u0430\u0440\u0442\u043d\u0435\u0440\u0430<\/span><\/span><\/span><\/a><\/div>\n<\/div>\n<\/div>\n","protected":false},"excerpt":{"rendered":"","protected":false},"author":1,"featured_media":0,"parent":0,"menu_order":0,"comment_status":"closed","ping_status":"closed","template":"","meta":{"_gspb_post_css":"#gspb_row-id-gsbp-90dd5fd{justify-content:space-between;margin-top:0;margin-bottom:0;display:flex;flex-wrap:wrap;padding:50px}#gspb_row-id-gsbp-90dd5fd>.gspb_row__content{display:flex;justify-content:space-between;margin:0 auto;width:100%;flex-wrap:wrap}div[id^=gspb_col-id]{box-sizing:border-box;position:relative;padding:15px min(3vw,20px)}@media (max-width:991.98px){#gspb_row-id-gsbp-90dd5fd>.gspb_row__content{row-gap:30px}}body.gspb-bodyfront #gspb_row-id-gsbp-90dd5fd>.gspb_row__content{width:var(--theme-container-width, 1200px);max-width:var(--theme-normal-container-max-width, 1200px)}@media (max-width:991.98px){#gspb_row-id-gsbp-90dd5fd{margin-bottom:80px;padding-right:50px;padding-left:50px}}@media (max-width:575.98px){#gspb_row-id-gsbp-90dd5fd{margin-bottom:60px;padding-right:35px;padding-left:35px}}#gspb_row-id-gsbp-90dd5fd{background-color:#ffe7d96b}#gspb_col-id-gsbp-d560c25.gspb_row__col--4{width:calc(33.333333333333336% - 5px)}@media (max-width:991.98px){#gspb_col-id-gsbp-d560c25.gspb_row__col--4{width:100%}}@media (max-width:767.98px){#gspb_col-id-gsbp-d560c25.gspb_row__col--4{width:calc(100% - 5px)}}@media (max-width:575.98px){#gspb_col-id-gsbp-d560c25.gspb_row__col--4{width:100%}}@media (min-width:992px){body.gspb-bodyfront #gspb_col-id-gsbp-d560c25.gspb_row__col--4{width:calc(50% - 0px - 5px)}}.gspb_row #gspb_col-id-gsbp-d560c25.gspb_row__col--4{padding:70px 0}@media (max-width:991.98px){.gspb_row #gspb_col-id-gsbp-d560c25.gspb_row__col--4{padding-top:50px;padding-bottom:0}}@media (max-width:575.98px){.gspb_row #gspb_col-id-gsbp-d560c25.gspb_row__col--4{padding-bottom:0}}body #gspb_col-id-gsbp-d560c25.gspb_row__col--4{display:flex;flex-direction:column;justify-content:center}@media (max-width:991.98px){body #gspb_col-id-gsbp-d560c25.gspb_row__col--4{align-items:center}}#gspb_heading-id-gsbp-2ffee04{font-size:50px}@media (max-width:991.98px){#gspb_heading-id-gsbp-2ffee04{font-size:35px}}@media (max-width:575.98px){#gspb_heading-id-gsbp-2ffee04{font-size:30px}}@media (max-width:991.98px){#gspb_heading-id-gsbp-2ffee04,#gspb_heading-id-gsbp-2ffee04 .gsap-g-line{text-align:center!important}}#gspb_heading-id-gsbp-2ffee04{font-weight:800!important;margin-top:0;margin-bottom:10px}.gspb_text-id-gsbp-f0c505d{font-size:20px;margin-top:0!important;margin-bottom:0!important}#gspb_col-id-gsbp-2affbd5.gspb_row__col--8{width:calc(66.66666666666667% - 5px)}@media (max-width:991.98px){#gspb_col-id-gsbp-2affbd5.gspb_row__col--8{width:100%}}@media (max-width:767.98px){#gspb_col-id-gsbp-2affbd5.gspb_row__col--8{width:calc(100% - 5px)}}@media (max-width:575.98px){#gspb_col-id-gsbp-2affbd5.gspb_row__col--8{width:100%}}@media (min-width:992px){body.gspb-bodyfront #gspb_col-id-gsbp-2affbd5.gspb_row__col--8{width:calc(50% - 0px - 5px)}}.gspb_row #gspb_col-id-gsbp-2affbd5.gspb_row__col--8{padding:0}body #gspb_col-id-gsbp-2affbd5.gspb_row__col--8{display:flex;flex-direction:column;justify-content:flex-end}#gspb_image-id-gsbp-960d7e1 img{object-fit:cover;vertical-align:top;display:inline-block;box-sizing:border-box;max-width:100%;box-shadow:10px 10px 0 0 var(--wp--preset--color--palette-color-2, var(--theme-palette-color-2, #f78f29));border-top-left-radius:5px;border-top-right-radius:5px;border-bottom-right-radius:5px;border-bottom-left-radius:5px;width:100%;height:400px}#gspb_image-id-gsbp-960d7e1{height:400px}@media (max-width:991.98px){#gspb_image-id-gsbp-960d7e1,#gspb_image-id-gsbp-960d7e1 img{height:300px}}#gspb_row-id-gsbp-8a7846f{justify-content:space-between;display:flex;flex-wrap:wrap;margin-top:100px;margin-bottom:100px}#gspb_row-id-gsbp-8a7846f>.gspb_row__content{display:flex;justify-content:space-between;margin:0 auto;width:100%;flex-wrap:wrap}body.gspb-bodyfront #gspb_row-id-gsbp-8a7846f>.gspb_row__content{width:var(--theme-container-width, 1200px);max-width:var(--theme-normal-container-max-width, 1200px)}#gspb_col-id-gsbp-ea342e4.gspb_row__col--6{width:50%}@media (max-width:991.98px){#gspb_col-id-gsbp-ea342e4.gspb_row__col--6{width:100%}}@media (max-width:575.98px){#gspb_col-id-gsbp-ea342e4.gspb_row__col--6{width:100%}}body #gspb_col-id-gsbp-ea342e4.gspb_row__col--6{row-gap:20px}#gspb_heading-id-gsbp-445fbb0{margin:0}.gspb_text-id-gsbp-5458dbc{margin-bottom:0!important}#gspb_col-id-gsbp-f87bc77.gspb_row__col--6{width:50%}@media (max-width:991.98px){#gspb_col-id-gsbp-f87bc77.gspb_row__col--6{width:100%}}@media (max-width:575.98px){#gspb_col-id-gsbp-f87bc77.gspb_row__col--6{width:100%}}#gspb_col-id-gsbp-f87bc77.gspb_row__col--6{order:100}@media (max-width:991.98px){#gspb_col-id-gsbp-f87bc77.gspb_row__col--6{order:-1}}body #gspb_col-id-gsbp-ea342e4.gspb_row__col--6,body #gspb_col-id-gsbp-f87bc77.gspb_row__col--6{display:flex;flex-direction:column;flex-wrap:wrap;justify-content:center;align-content:stretch;align-items:stretch}@media (max-width:991.98px){body #gspb_col-id-gsbp-f87bc77.gspb_row__col--6{flex-direction:column;justify-content:flex-start;align-items:stretch}}#gspb_image-id-gsbp-7ec564e img{object-fit:cover;vertical-align:top;display:inline-block;box-sizing:border-box;max-width:100%;border-top-left-radius:5px;border-top-right-radius:5px;border-bottom-right-radius:5px;border-bottom-left-radius:5px;width:100%;height:400px}#gspb_image-id-gsbp-7ec564e{height:400px}@media (max-width:991.98px){#gspb_image-id-gsbp-7ec564e,#gspb_image-id-gsbp-7ec564e img{height:300px}}@media (max-width:575.98px){#gspb_image-id-gsbp-7ec564e,#gspb_image-id-gsbp-7ec564e img{height:300px}}#gspb_row-id-gsbp-06b642d,#gspb_row-id-gsbp-7497f9d{justify-content:space-between;margin-top:0;margin-bottom:0;display:flex;flex-wrap:wrap}#gspb_row-id-gsbp-7497f9d{margin-top:100px;margin-bottom:100px;padding-top:50px;padding-bottom:50px;background-color:var(--wp--preset--color--palette-color-9, var(--theme-palette-color-9, #FFE8DA))}#gspb_row-id-gsbp-06b642d>.gspb_row__content,#gspb_row-id-gsbp-7497f9d>.gspb_row__content{display:flex;justify-content:space-between;margin:0 auto;width:100%;flex-wrap:wrap}#gspb_col-id-gsbp-bf613e6.gspb_row__col--6{width:50%}@media (max-width:991.98px){#gspb_col-id-gsbp-bf613e6.gspb_row__col--6{width:100%}}@media (max-width:575.98px){#gspb_col-id-gsbp-bf613e6.gspb_row__col--6{width:100%}}body #gspb_col-id-gsbp-bf613e6.gspb_row__col--6{row-gap:20px}#gspb_heading-id-gsbp-24fcecd{margin:0}#gspb_col-id-gsbp-cad72f7.gspb_row__col--6{width:50%}@media (max-width:991.98px){#gspb_col-id-gsbp-cad72f7.gspb_row__col--6{width:100%}}@media (max-width:575.98px){#gspb_col-id-gsbp-cad72f7.gspb_row__col--6{width:100%}}@media (max-width:991.98px){#gspb_col-id-gsbp-cad72f7.gspb_row__col--6{order:-1}}body #gspb_col-id-gsbp-bf613e6.gspb_row__col--6,body #gspb_col-id-gsbp-cad72f7.gspb_row__col--6,body #gspb_col-id-gsbp-cc4f36b.gspb_row__col--6{display:flex;flex-direction:column;flex-wrap:wrap;justify-content:center;align-content:stretch;align-items:stretch}#gspb_image-id-gsbp-ef7a209 img{object-fit:cover;vertical-align:top;display:inline-block;box-sizing:border-box;max-width:100%;border-top-left-radius:5px;border-top-right-radius:5px;border-bottom-right-radius:5px;border-bottom-left-radius:5px;width:100%;height:400px}#gspb_image-id-gsbp-ef7a209{height:400px}@media (max-width:991.98px){#gspb_image-id-gsbp-ef7a209,#gspb_image-id-gsbp-ef7a209 img{height:300px}}#gspb_row-id-gsbp-0ba75d5{justify-content:space-between;display:flex;flex-wrap:wrap;margin-top:98px;margin-bottom:100px}#gspb_row-id-gsbp-0ba75d5>.gspb_row__content{display:flex;justify-content:space-between;margin:0 auto;width:100%;flex-wrap:wrap}body.gspb-bodyfront #gspb_row-id-gsbp-06b642d>.gspb_row__content,body.gspb-bodyfront #gspb_row-id-gsbp-0ba75d5>.gspb_row__content,body.gspb-bodyfront #gspb_row-id-gsbp-7497f9d>.gspb_row__content{width:var(--theme-container-width, 1200px);max-width:var(--theme-normal-container-max-width, 1200px)}#gspb_col-id-gsbp-cc4f36b.gspb_row__col--6{width:50%}@media (max-width:991.98px){#gspb_col-id-gsbp-cc4f36b.gspb_row__col--6{width:100%}}@media (max-width:575.98px){#gspb_col-id-gsbp-cc4f36b.gspb_row__col--6{width:100%}}body #gspb_col-id-gsbp-cc4f36b.gspb_row__col--6{row-gap:20px}#gspb_heading-id-gsbp-96d913e{margin:0}.gspb_text-id-gsbp-022d070,.gspb_text-id-gsbp-7841909{margin-bottom:0!important}#gspb_col-id-gsbp-5dc9402.gspb_row__col--6{width:50%}@media (max-width:991.98px){#gspb_col-id-gsbp-5dc9402.gspb_row__col--6{width:100%}}@media (max-width:575.98px){#gspb_col-id-gsbp-5dc9402.gspb_row__col--6{width:100%}}@media (max-width:991.98px){#gspb_col-id-gsbp-5dc9402.gspb_row__col--6{order:-1}}body #gspb_col-id-gsbp-5dc9402.gspb_row__col--6{display:flex;flex-direction:column;flex-wrap:wrap;justify-content:flex-start;align-content:stretch;align-items:stretch}#gspb_image-id-gsbp-be27993 img{object-fit:cover;object-position:50% 93%;vertical-align:top;display:inline-block;box-sizing:border-box;max-width:100%;border-top-left-radius:5px;border-top-right-radius:5px;border-bottom-right-radius:5px;border-bottom-left-radius:5px;width:100%;height:400px}#gspb_image-id-gsbp-be27993{height:400px}@media (max-width:991.98px){#gspb_image-id-gsbp-be27993,#gspb_image-id-gsbp-be27993 img{height:300px}}#gspb_button-id-gsbp-5ffb24f{display:flex;justify-content:flex-start}#gspb_button-id-gsbp-5ffb24f .gspb-buttonbox-text{display:flex;flex-direction:column}#gspb_button-id-gsbp-5ffb24f>.gspb-buttonbox{box-sizing:border-box;margin-bottom:0;min-width:33%}@media (max-width:991.98px){#gspb_button-id-gsbp-5ffb24f{justify-content:center}}#gspb_button-id-gsbp-5ffb24f>.gspb-buttonbox:hover{background-color:var(--wp--preset--color--palette-color-9, var(--theme-palette-color-9, #FFE8DA))!important;color:var(--wp--preset--color--palette-color-2, var(--theme-palette-color-2, #f78f29))}@media (max-width:575.98px){#gspb_button-id-gsbp-5ffb24f>.gspb-buttonbox{min-width:100%}}#gspb_button-id-gsbp-5ffb24f>.gspb-buttonbox,#gspb_button-id-gsbp-5ffb24f>.gspb-buttonbox>.gspb_backgroundOverlay{border-top-left-radius:5px;border-top-right-radius:5px;border-bottom-right-radius:5px;border-bottom-left-radius:5px}#gspb_row-id-gsbp-7e4a375{justify-content:space-between;margin-top:0;margin-bottom:0;display:flex;flex-wrap:wrap}#gspb_row-id-gsbp-7e4a375>.gspb_row__content{display:flex;justify-content:space-between;margin:0 auto;width:100%;flex-wrap:wrap}.gspb_row{position:relative}#gspb_col-id-gsbp-cd43a87.gspb_row__col--12{width:100%}@media (max-width:575.98px){#gspb_col-id-gsbp-cd43a87.gspb_row__col--12{width:100%}}@media (min-width:992px){body.gspb-bodyfront #gspb_col-id-gsbp-cd43a87.gspb_row__col--12{width:calc(100% - 0px - 0px)}}#gspb_col-id-gsbp-cd43a87.gspb_row__col--12{background-color:#5152fb21}body #gspb_col-id-gsbp-cd43a87.gspb_row__col--12{display:flex;flex-direction:row;flex-wrap:wrap;justify-content:center;align-items:center;row-gap:20px;column-gap:20px}@media (max-width:991.98px){body #gspb_col-id-gsbp-cd43a87.gspb_row__col--12{flex-wrap:nowrap}}@media (max-width:575.98px){body #gspb_col-id-gsbp-cd43a87.gspb_row__col--12{flex-direction:column;flex-wrap:wrap;justify-content:flex-start;align-content:stretch;align-items:stretch}}.gspb_text-id-gsbp-35b2941{margin-bottom:0!important}@media (max-width:991.98px){.gspb_text-id-gsbp-35b2941{margin-bottom:0!important;max-width:450px}}#gspb_button-id-gsbp-9d9b66d{display:flex;justify-content:flex-start}#gspb_button-id-gsbp-9d9b66d .gspb-buttonbox-text{display:flex;flex-direction:column}#gspb_button-id-gsbp-9d9b66d>.gspb-buttonbox{box-sizing:border-box;background-color:#5152fb}#gspb_button-id-gsbp-9d9b66d>.gspb-buttonbox:hover{background-color:#4040c7!important}@media (max-width:575.98px){#gspb_button-id-gsbp-9d9b66d>.gspb-buttonbox{min-width:100%}}#gspb_button-id-gsbp-9d9b66d>.gspb-buttonbox,#gspb_button-id-gsbp-9d9b66d>.gspb-buttonbox>.gspb_backgroundOverlay{border-top-left-radius:5px;border-top-right-radius:5px;border-bottom-right-radius:5px;border-bottom-left-radius:5px}","iawp_total_views":8,"footnotes":""},"blocksy_meta":{"has_hero_section":"disabled","vertical_spacing_source":"custom","content_area_spacing":"none","styles_descriptor":{"styles":{"desktop":"","tablet":"","mobile":""},"google_fonts":[],"version":6}},"_links":{"self":[{"href":"https:\/\/drspiric.com\/sr-latn\/wp-json\/wp\/v2\/pages\/1178"}],"collection":[{"href":"https:\/\/drspiric.com\/sr-latn\/wp-json\/wp\/v2\/pages"}],"about":[{"href":"https:\/\/drspiric.com\/sr-latn\/wp-json\/wp\/v2\/types\/page"}],"author":[{"embeddable":true,"href":"https:\/\/drspiric.com\/sr-latn\/wp-json\/wp\/v2\/users\/1"}],"replies":[{"embeddable":true,"href":"https:\/\/drspiric.com\/sr-latn\/wp-json\/wp\/v2\/comments?post=1178"}],"version-history":[{"count":3,"href":"https:\/\/drspiric.com\/sr-latn\/wp-json\/wp\/v2\/pages\/1178\/revisions"}],"predecessor-version":[{"id":1213,"href":"https:\/\/drspiric.com\/sr-latn\/wp-json\/wp\/v2\/pages\/1178\/revisions\/1213"}],"wp:attachment":[{"href":"https:\/\/drspiric.com\/sr-latn\/wp-json\/wp\/v2\/media?parent=1178"}],"curies":[{"name":"wp","href":"https:\/\/api.w.org\/{rel}","templated":true}]}}